
{"id":10,"date":"2017-02-21T12:14:40","date_gmt":"2017-02-21T15:14:40","guid":{"rendered":"http:\/\/localhost\/saap\/?page_id=10"},"modified":"2017-10-02T12:13:45","modified_gmt":"2017-10-02T15:13:45","slug":"territorio-de-atuacao","status":"publish","type":"page","link":"https:\/\/saapgestao.com.br\/saapold\/quem-somos\/territorio-de-atuacao\/","title":{"rendered":"Territ\u00f3rio de Atua\u00e7\u00e3o"},"content":{"rendered":"<p><img fetchpriority=\"high\" decoding=\"async\" class=\"img-responsive alignleft wp-image-4570 size-full\" src=\"http:\/\/saapgestao.com.br\/saapold\/wp-content\/uploads\/2017\/02\/1_2mapa.png\" alt=\"\" width=\"782\" height=\"821\" srcset=\"https:\/\/saapgestao.com.br\/saapold\/wp-content\/uploads\/2017\/02\/1_2mapa.png 782w, https:\/\/saapgestao.com.br\/saapold\/wp-content\/uploads\/2017\/02\/1_2mapa-286x300.png 286w, https:\/\/saapgestao.com.br\/saapold\/wp-content\/uploads\/2017\/02\/1_2mapa-768x806.png 768w\" sizes=\"(max-width: 782px) 100vw, 782px\" \/><\/p>\n<p>A \u00e1rea geogr\u00e1fica de atua\u00e7\u00e3o da SAAP tem como base as zonas estritamente residenciais (ZER) do distrito de Alto dos Pinheiros, que engloba partes do que se costuma atribuir aos bairros de Alto dos Pinheiros[1], Vila Ida, Vila Beatriz e Vila Madalena. Nosso territ\u00f3rio faz parte da Subprefeitura de Pinheiros e conta com dois parques estaduais (Villa-Lobos e Candido Portinari), um parque municipal (P\u00f4r do Sol), 36 pra\u00e7as, oito avenidas, cerca de 200 ruas e em torno de 5.500 resid\u00eancias e 255 pr\u00e9dios.<\/p>\n<p>Especificamente, o territ\u00f3rio de a\u00e7\u00e3o da SAAP tem como limites as seguintes vias: av. Arruda Botelho, r. Dr. Jos\u00e9 Rodrigues Alves Sobrinho, r. Dr. Theophilo Ribeiro de Andrade, r. Roberto Caldas Kerr, r. Bennet, r. Berlioz, r. Sucuri\u00fa, av. S\u00e3o Gualter, r. Cerro Cor\u00e1, r. Aecri, r. Taruba, r. Maria Leonete da Silva N\u00f3brega, pra\u00e7a Eug\u00eanio Mota, r. Aldo de Azevedo, r. Dr. Lu\u00eds Augusto de Queir\u00f3s Aranha, r. Aefuc\u00e1, r. Dr. Alberto Seabra, r. Sarar\u00e9, r. Greg\u00f3rio Paes de Almeida, r. Dona Elisa de Moraes Mendes, r. Andrade Fernandes, r. Alvil\u00e2ndia, r. Nazar\u00e9 Paulista, r. Bernarda Luiz, r. Livi, pra\u00e7a Vicentina de Carvalho, r. Aquiramun, r. Pascoal Vita, r. Agostinho Bezerra, r. Our\u00e2nia, r. Soares de Arag\u00e3o, r. Isabel de Castela, r. Dr. Baeta Neves, r. Sagarana, r. Jubiab\u00e1, r. dos Macunis, r. Natingui, r. Mor\u00e1s, av. Pedroso de Morais, pra\u00e7a Roquete Pinto, av. Prof. Frederico Herrmann J\u00fanior, av. das Na\u00e7\u00f5es Unidas, av. General Furtado Nascimento.<br \/>\n[1] No projeto da Cia City, o loteamento de Alto dos Pinheiros tinha 366,9 hectares e o do City Boa\u00e7ava, cerca de 65 ha. Carvalho, r. Aquiramun, r. Pascoal Vita, r. Agostinho Bezerra, r. Our\u00e2nia, r. Soares de Arag\u00e3o, r. Isabel de Castela, r. Dr. Baeta Neves, r. Sagarana, r. Jubiab\u00e1, r. dos Macunis, r. Natingui, r. Mor\u00e1s, av. Pedroso de Morais, pra\u00e7a Roquete Pinto, av. Prof. Frederico Herrmann J\u00fanior, av. das Na\u00e7\u00f5es Unidas, av. General Furtado Nascimento.<\/p>\n","protected":false},"excerpt":{"rendered":"<p>A \u00e1rea geogr\u00e1fica de atua\u00e7\u00e3o da SAAP tem como base as zonas estritamente residenciais (ZER) do distrito de Alto dos Pinheiros, que engloba partes do que se costuma atribuir aos bairros de Alto dos Pinheiros[1], Vila Ida, Vila Beatriz e Vila Madalena. Nosso territ\u00f3rio faz parte da Subprefeitura de Pinheiros e conta com dois parques [&hellip;]<\/p>\n","protected":false},"author":1,"featured_media":0,"parent":24,"menu_order":0,"comment_status":"closed","ping_status":"closed","template":"","meta":{"footnotes":""},"class_list":["post-10","page","type-page","status-publish","hentry"],"_links":{"self":[{"href":"https:\/\/saapgestao.com.br\/saapold\/wp-json\/wp\/v2\/pages\/10"}],"collection":[{"href":"https:\/\/saapgestao.com.br\/saapold\/wp-json\/wp\/v2\/pages"}],"about":[{"href":"https:\/\/saapgestao.com.br\/saapold\/wp-json\/wp\/v2\/types\/page"}],"author":[{"embeddable":true,"href":"https:\/\/saapgestao.com.br\/saapold\/wp-json\/wp\/v2\/users\/1"}],"replies":[{"embeddable":true,"href":"https:\/\/saapgestao.com.br\/saapold\/wp-json\/wp\/v2\/comments?post=10"}],"version-history":[{"count":0,"href":"https:\/\/saapgestao.com.br\/saapold\/wp-json\/wp\/v2\/pages\/10\/revisions"}],"up":[{"embeddable":true,"href":"https:\/\/saapgestao.com.br\/saapold\/wp-json\/wp\/v2\/pages\/24"}],"wp:attachment":[{"href":"https:\/\/saapgestao.com.br\/saapold\/wp-json\/wp\/v2\/media?parent=10"}],"curies":[{"name":"wp","href":"https:\/\/api.w.org\/{rel}","templated":true}]}}