
{"id":27,"date":"2017-02-21T12:19:10","date_gmt":"2017-02-21T15:19:10","guid":{"rendered":"http:\/\/localhost\/saap\/?page_id=27"},"modified":"2017-11-14T20:09:09","modified_gmt":"2017-11-14T22:09:09","slug":"nosso-bairro","status":"publish","type":"page","link":"https:\/\/saapgestao.com.br\/saapold\/nosso-bairro\/","title":{"rendered":"Nosso Bairro"},"content":{"rendered":"<p><img fetchpriority=\"high\" decoding=\"async\" class=\"img-responsive aligncenter wp-image-4576 size-full\" src=\"http:\/\/saapgestao.com.br\/saapold\/wp-content\/uploads\/2017\/02\/2_1apres.png\" alt=\"\" width=\"429\" height=\"286\" srcset=\"https:\/\/saapgestao.com.br\/saapold\/wp-content\/uploads\/2017\/02\/2_1apres.png 429w, https:\/\/saapgestao.com.br\/saapold\/wp-content\/uploads\/2017\/02\/2_1apres-300x200.png 300w\" sizes=\"(max-width: 429px) 100vw, 429px\" \/><\/p>\n<p>Em 2014, durante as discuss\u00f5es sobre a nova Lei de Parcelamento, Uso e Ocupa\u00e7\u00e3o do Solo em S\u00e3o Paulo, a SAAP buscou insumos t\u00e9cnicos para melhor participar do debate. Encomendou \u00e0s arquitetas e urbanistas Ana Cec\u00edlia de Arruda Campos e Alessandra Natali Queiroz um estudo com levantamento de diversas informa\u00e7\u00f5es sobre Alto dos Pinheiros: dados censit\u00e1rios, usos do solo e equipamentos p\u00fablicos, espa\u00e7os livres e estrutura de mobilidade, compondo um retrato sint\u00e9tico de nossa regi\u00e3o.<\/p>\n<p>Compartilhamos estas informa\u00e7\u00f5es para que, com uma compreens\u00e3o mais profunda de Alto dos Pinheiros, voc\u00ea possa exercer sua cidadania, aliando-se ao prop\u00f3sito da SAAP de zelar pela qualidade de vida do local em que moramos, preservando suas caracter\u00edsticas residenciais de bairro-jardim.<\/p>\n","protected":false},"excerpt":{"rendered":"<p>Em 2014, durante as discuss\u00f5es sobre a nova Lei de Parcelamento, Uso e Ocupa\u00e7\u00e3o do Solo em S\u00e3o Paulo, a SAAP buscou insumos t\u00e9cnicos para melhor participar do debate. Encomendou \u00e0s arquitetas e urbanistas Ana Cec\u00edlia de Arruda Campos e Alessandra Natali Queiroz um estudo com levantamento de diversas informa\u00e7\u00f5es sobre Alto dos Pinheiros: dados [&hellip;]<\/p>\n","protected":false},"author":1,"featured_media":0,"parent":0,"menu_order":0,"comment_status":"closed","ping_status":"closed","template":"","meta":{"footnotes":""},"class_list":["post-27","page","type-page","status-publish","hentry"],"_links":{"self":[{"href":"https:\/\/saapgestao.com.br\/saapold\/wp-json\/wp\/v2\/pages\/27"}],"collection":[{"href":"https:\/\/saapgestao.com.br\/saapold\/wp-json\/wp\/v2\/pages"}],"about":[{"href":"https:\/\/saapgestao.com.br\/saapold\/wp-json\/wp\/v2\/types\/page"}],"author":[{"embeddable":true,"href":"https:\/\/saapgestao.com.br\/saapold\/wp-json\/wp\/v2\/users\/1"}],"replies":[{"embeddable":true,"href":"https:\/\/saapgestao.com.br\/saapold\/wp-json\/wp\/v2\/comments?post=27"}],"version-history":[{"count":0,"href":"https:\/\/saapgestao.com.br\/saapold\/wp-json\/wp\/v2\/pages\/27\/revisions"}],"wp:attachment":[{"href":"https:\/\/saapgestao.com.br\/saapold\/wp-json\/wp\/v2\/media?parent=27"}],"curies":[{"name":"wp","href":"https:\/\/api.w.org\/{rel}","templated":true}]}}