
{"id":38,"date":"2017-02-21T12:21:31","date_gmt":"2017-02-21T15:21:31","guid":{"rendered":"http:\/\/localhost\/saap\/?page_id=38"},"modified":"2023-03-28T11:43:30","modified_gmt":"2023-03-28T14:43:30","slug":"mobilidade","status":"publish","type":"page","link":"https:\/\/saapgestao.com.br\/saapold\/nosso-bairro\/mobilidade\/","title":{"rendered":"Mobilidade"},"content":{"rendered":"<p><img fetchpriority=\"high\" decoding=\"async\" class=\"img-responsive alignnone wp-image-4602 size-full\" src=\"http:\/\/saapgestao.com.br\/saapold\/wp-content\/uploads\/2017\/02\/2_16mobilidade.png\" alt=\"\" width=\"744\" height=\"372\" srcset=\"https:\/\/saapgestao.com.br\/saapold\/wp-content\/uploads\/2017\/02\/2_16mobilidade.png 744w, https:\/\/saapgestao.com.br\/saapold\/wp-content\/uploads\/2017\/02\/2_16mobilidade-300x150.png 300w\" sizes=\"(max-width: 744px) 100vw, 744px\" \/><\/p>\n<p>O distrito de Alto dos Pinheiros abriga v\u00e1rias modalidades de transporte p\u00fablico. Mapeamos aqui os aspectos mais relevantes da mobilidade da regi\u00e3o.<\/p>\n<p><strong>\u00a0<\/strong><\/p>\n<h2><strong>Trem<\/strong><\/h2>\n<p>Quatro esta\u00e7\u00f5es da Companhia Paulista de Trens e Metr\u00f4 (CPTM): Ceasa, Villa-Lobos\/Jaguar\u00e9, Cidade Universit\u00e1ria e Pinheiros.<\/p>\n<h2><strong>Metr\u00f4<\/strong><\/h2>\n<p>Esta\u00e7\u00f5es Pinheiros, Faria Lima e Vila Madalena. Na implanta\u00e7\u00e3o do primeiro trecho da Linha 20-Rosa do metr\u00f4<a href=\"#_ftn1\" name=\"_ftnref1\"><sup>[1]<\/sup><\/a>, ligando Lapa a Moema, est\u00e3o previstas outras pr\u00f3ximas, como Pio XI, Cerro Cor\u00e1, S\u00e3o Gualter, Pra\u00e7a Pan-Americana e Faria Lima.<\/p>\n<h2><strong>\u00d4nibus<\/strong><\/h2>\n<p>O terminal municipal de Pinheiros recebe 36 linhas municipais e nove intermunicipais. Dessas, 14 cruzam a \u00e1rea da SAAP e duas n\u00e3o passam pr\u00f3ximo a esta\u00e7\u00f5es de metr\u00f4. A maioria segue em dire\u00e7\u00e3o \u00e0s esta\u00e7\u00f5es Faria Lima, Vila Madalena e Pinheiros. Outras oito apenas transitam pelos limites da SAAP (na av. Cerro Cora e av. S\u00e3o Gualter), seguindo mais frequentemente em dire\u00e7\u00e3o \u00e0 esta\u00e7\u00e3o Vila Madalena.<\/p>\n<p>A maior parte das linhas est\u00e1 concentrada nas avenidas Cerro Cor\u00e1 e Heitor Penteado. Muito provavelmente as linhas implantadas acabaram, ao longo do tempo, alterando o uso dessas vias, antes predominante residenciais.<\/p>\n<h2><strong>Ciclovias<\/strong><\/h2>\n<p>Est\u00e3o concentradas nas margens do rio Pinheiros, na av. Pedroso de Moraes\/ Prof. Fonseca Rodrigues e av. Faria Lima. H\u00e1 ainda a ciclofaixa de lazer montada aos finais de semana e ciclorrotas (implantadas e em projeto). Em conjunto com as esta\u00e7\u00f5es BikeSampa e CicloSampa, permitem ganhos de mobilidade, conex\u00e3o intermodal, lazer e recrea\u00e7\u00e3o.<\/p>\n<p><img decoding=\"async\" class=\"img-responsive alignnone wp-image-4601 size-full\" src=\"http:\/\/saapgestao.com.br\/saapold\/wp-content\/uploads\/2017\/02\/2_15mobilidade.png\" alt=\"\" width=\"745\" height=\"497\" srcset=\"https:\/\/saapgestao.com.br\/saapold\/wp-content\/uploads\/2017\/02\/2_15mobilidade.png 745w, https:\/\/saapgestao.com.br\/saapold\/wp-content\/uploads\/2017\/02\/2_15mobilidade-300x200.png 300w\" sizes=\"(max-width: 745px) 100vw, 745px\" \/><\/p>\n<p>A ciclovia implantada nas avenidas Arruda Botelho (com 700 metros de extens\u00e3o), Fonseca Rodrigues (2,6 km) e Pedroso de Morais (1,5 km) e Prof. Frederico Herrmann Jr.(700m) integra o eixo ciclovi\u00e1rio de 32 km que vai da Ceagesp ao shopping Morumbi, com ramais (existentes ou em projeto) conectados \u00e0s esta\u00e7\u00f5es da CPTM e aos parques do Povo e Ibirapuera. Sua execu\u00e7\u00e3o se d\u00e1 com recursos provenientes da Opera\u00e7\u00e3o Faria Lima.<\/p>\n<p><img decoding=\"async\" class=\"img-responsive alignnone wp-image-4600 size-full\" src=\"http:\/\/saapgestao.com.br\/saapold\/wp-content\/uploads\/2017\/02\/2_14mobilidade.png\" alt=\"\" width=\"745\" height=\"497\" srcset=\"https:\/\/saapgestao.com.br\/saapold\/wp-content\/uploads\/2017\/02\/2_14mobilidade.png 745w, https:\/\/saapgestao.com.br\/saapold\/wp-content\/uploads\/2017\/02\/2_14mobilidade-300x200.png 300w\" sizes=\"(max-width: 745px) 100vw, 745px\" \/><\/p>\n<p>As vias para bicicletas, por seu uso intenso tamb\u00e9m para caminhadas e corridas, adquirem papel de parques lineares urbanos.<\/p>\n<p><a href=\"https:\/\/saapgestao.com.br\/saapold\/ciclovia\/ciclovia-da-ponte-cidade-universitaria-mantera-numero-de-pistas-para-veiculos\/\">Em 2022, foi implantada a ciclovia na ponte da Cidade Universit\u00e1ria.<\/a><\/p>\n<p>[1] Segundo relat\u00f3rio de administra\u00e7\u00e3o de 2013, a Linha 20-Rosa \u00e9 perimetral, interligando S\u00e3o Paulo a S\u00e3o Bernardo do Campo. O trecho inicial Lapa-Moema ter\u00e1 12,3 quil\u00f4metros e 14 esta\u00e7\u00f5es.<\/p>\n","protected":false},"excerpt":{"rendered":"<p>O distrito de Alto dos Pinheiros abriga v\u00e1rias modalidades de transporte p\u00fablico. Mapeamos aqui os aspectos mais relevantes da mobilidade da regi\u00e3o. \u00a0 Trem Quatro esta\u00e7\u00f5es da Companhia Paulista de Trens e Metr\u00f4 (CPTM): Ceasa, Villa-Lobos\/Jaguar\u00e9, Cidade Universit\u00e1ria e Pinheiros. Metr\u00f4 Esta\u00e7\u00f5es Pinheiros, Faria Lima e Vila Madalena. Na implanta\u00e7\u00e3o do primeiro trecho da Linha [&hellip;]<\/p>\n","protected":false},"author":1,"featured_media":0,"parent":27,"menu_order":0,"comment_status":"closed","ping_status":"closed","template":"","meta":{"footnotes":""},"class_list":["post-38","page","type-page","status-publish","hentry"],"_links":{"self":[{"href":"https:\/\/saapgestao.com.br\/saapold\/wp-json\/wp\/v2\/pages\/38"}],"collection":[{"href":"https:\/\/saapgestao.com.br\/saapold\/wp-json\/wp\/v2\/pages"}],"about":[{"href":"https:\/\/saapgestao.com.br\/saapold\/wp-json\/wp\/v2\/types\/page"}],"author":[{"embeddable":true,"href":"https:\/\/saapgestao.com.br\/saapold\/wp-json\/wp\/v2\/users\/1"}],"replies":[{"embeddable":true,"href":"https:\/\/saapgestao.com.br\/saapold\/wp-json\/wp\/v2\/comments?post=38"}],"version-history":[{"count":0,"href":"https:\/\/saapgestao.com.br\/saapold\/wp-json\/wp\/v2\/pages\/38\/revisions"}],"up":[{"embeddable":true,"href":"https:\/\/saapgestao.com.br\/saapold\/wp-json\/wp\/v2\/pages\/27"}],"wp:attachment":[{"href":"https:\/\/saapgestao.com.br\/saapold\/wp-json\/wp\/v2\/media?parent=38"}],"curies":[{"name":"wp","href":"https:\/\/api.w.org\/{rel}","templated":true}]}}