
{"id":4347,"date":"2017-04-25T14:48:20","date_gmt":"2017-04-25T17:48:20","guid":{"rendered":"http:\/\/localhost\/saap\/?page_id=4347"},"modified":"2024-02-15T16:57:32","modified_gmt":"2024-02-15T18:57:32","slug":"transparencia","status":"publish","type":"page","link":"https:\/\/saapgestao.com.br\/saapold\/quem-somos\/transparencia\/","title":{"rendered":"Transpar\u00eancia"},"content":{"rendered":"\t\t<div data-elementor-type=\"wp-page\" data-elementor-id=\"4347\" class=\"elementor elementor-4347\">\n\t\t\t\t\t\t<section class=\"elementor-section elementor-top-section elementor-element elementor-element-153fed9f elementor-section-boxed elementor-section-height-default elementor-section-height-default\" data-id=\"153fed9f\" data-element_type=\"section\">\n\t\t\t\t\t\t<div class=\"elementor-container elementor-column-gap-default\">\n\t\t\t\t\t<div class=\"elementor-column elementor-col-100 elementor-top-column elementor-element elementor-element-381ffd47\" data-id=\"381ffd47\" data-element_type=\"column\">\n\t\t\t<div class=\"elementor-widget-wrap elementor-element-populated\">\n\t\t\t\t\t\t<div class=\"elementor-element elementor-element-5c296cbe elementor-widget elementor-widget-text-editor\" data-id=\"5c296cbe\" data-element_type=\"widget\" data-widget_type=\"text-editor.default\">\n\t\t\t\t<div class=\"elementor-widget-container\">\n\t\t\t<style>\/*! elementor - v3.20.0 - 10-04-2024 *\/\n.elementor-widget-text-editor.elementor-drop-cap-view-stacked .elementor-drop-cap{background-color:#69727d;color:#fff}.elementor-widget-text-editor.elementor-drop-cap-view-framed .elementor-drop-cap{color:#69727d;border:3px solid;background-color:transparent}.elementor-widget-text-editor:not(.elementor-drop-cap-view-default) .elementor-drop-cap{margin-top:8px}.elementor-widget-text-editor:not(.elementor-drop-cap-view-default) .elementor-drop-cap-letter{width:1em;height:1em}.elementor-widget-text-editor .elementor-drop-cap{float:left;text-align:center;line-height:1;font-size:50px}.elementor-widget-text-editor .elementor-drop-cap-letter{display:inline-block}<\/style>\t\t\t\t<p>A SAAP apresenta suas contas na Assembleia Geral, realizada anualmente no final do m\u00eas de mar\u00e7o e mant\u00eam seus livros para a consulta de seus s\u00f3cios na sede da associa\u00e7\u00e3o.<\/p>\n<p>Anualmente publicamos nosso relat\u00f3rio de atividades, que podem ser consultados nos links abaixo:<\/p>\n<p><a href=\"http:\/\/saapgestao.com.br\/saapold\/wp-content\/uploads\/2024\/02\/saap_relatorio-atividades-2023_final.pdf\" target=\"_blank\">Relat\u00f3rio de Atividades de 2023<\/a><br><\/p>\n<p><a href=\"http:\/\/saapgestao.com.br\/saapold\/wp-content\/uploads\/2023\/03\/saap_relatorio-atividades-2022.pdf\">Relat\u00f3rio de Atividades de 2022<\/a><\/p>\n<p><a href=\"http:\/\/saapgestao.com.br\/saapold\/wp-content\/uploads\/2023\/03\/CERTIFICADO-SAAP28.pdf\">Certificado de Auditoria Independente 2022<\/a><\/p>\n<p><a href=\"http:\/\/saapgestao.com.br\/saapold\/wp-content\/uploads\/2017\/04\/saap_relatorio-atividades-2021_rev2_WEB.pdf\">Relat\u00f3rio de Atividades de 2021<\/a><\/p>\n<p><a href=\"http:\/\/saapgestao.com.br\/saapold\/wp-content\/uploads\/2017\/04\/Certificado-de-Auditora-2021-SAAP.pdf\">Certificado de Auditoria Independente 2021<\/a><\/p>\n<p><a href=\"http:\/\/saapgestao.com.br\/saapold\/wp-content\/uploads\/2017\/05\/saap_relatorio-atividades-2020_rev3_final_WEB.pdf\">Relat\u00f3rio de Atividades de 2020<\/a><\/p>\n<p><a href=\"http:\/\/saapgestao.com.br\/saapold\/wp-content\/uploads\/2021\/03\/certificado-audisa.png\">Certificado de Auditoria Independente 2020<\/a><\/p>\n<p><a href=\"http:\/\/saapgestao.com.br\/saapold\/wp-content\/uploads\/2020\/08\/saap_relatorio-atividades-2019_WEB.pdf\">Relat\u00f3rio de Atividades de 2019<\/a><\/p>\n<p><a href=\"http:\/\/saapgestao.com.br\/saapold\/wp-content\/uploads\/2020\/08\/certificado-2019.pdf\">Certificado de Auditoria Independente 2019<\/a><\/p>\n<p><a href=\"http:\/\/saapgestao.com.br\/saapold\/wp-content\/uploads\/2017\/04\/Rel_atividades2018.pdf\">Relat\u00f3rio de Atividades de 2018<\/a><\/p>\n<p><a href=\"http:\/\/saapgestao.com.br\/saapold\/wp-content\/uploads\/2020\/08\/Ceritificado-2018-SAAP-ASSINADOS.pdf\">Certificado de Auditoria Independente 2018<\/a><\/p>\n<p><a href=\"https:\/\/saapgestao.com.br\/saapold\/309_saap_bookatividades\/\">Relat\u00f3rio de Atividades de 2017<\/a><\/p>\n<p><a href=\"http:\/\/saapgestao.com.br\/saapold\/wp-content\/uploads\/2020\/08\/CERTIFICADO-2017.pdf\">Certificado Auditoria Independente 2017<\/a><\/p>\n<p><a href=\"https:\/\/saapblog.wordpress.com\/2017\/05\/17\/em-relatorio-saap-apresenta-aos-moradores-de-alto-dos-pinheiros-balanco-das-atividades-de-2016\/\">Relat\u00f3rio de Atividades de 2016<\/a><\/p>\n<p><a href=\"https:\/\/saapblog.files.wordpress.com\/2016\/06\/rel_atividades_saap_2015.pdf\">Relat\u00f3rio de Atividades de 2015<\/a><\/p>\n<p><a href=\"https:\/\/saapblog.files.wordpress.com\/2015\/03\/saap_relatorio-anual-2014.pdf\">Relat\u00f3rio de Atividades de 2014<\/a><\/p>\n<p>Veja tamb\u00e9m nosso <a href=\"http:\/\/saapgestao.com.br\/saapold\/wp-content\/uploads\/2018\/11\/estatuto.pdf\">estatuto<\/a>,&nbsp;aprovado em assembleia geral extraordin\u00e1ria em 30 de outubro de 2018.<\/p>\t\t\t\t\t\t<\/div>\n\t\t\t\t<\/div>\n\t\t\t\t\t<\/div>\n\t\t<\/div>\n\t\t\t\t\t<\/div>\n\t\t<\/section>\n\t\t\t\t<\/div>\n\t\t","protected":false},"excerpt":{"rendered":"<p>A SAAP apresenta suas contas na Assembleia Geral, realizada anualmente no final do m\u00eas de mar\u00e7o e mant\u00eam seus livros para a consulta de seus s\u00f3cios na sede da associa\u00e7\u00e3o. Anualmente publicamos nosso relat\u00f3rio de atividades, que podem ser consultados nos links abaixo: Relat\u00f3rio de Atividades de 2023 Relat\u00f3rio de Atividades de 2022 Certificado de [&hellip;]<\/p>\n","protected":false},"author":1,"featured_media":0,"parent":24,"menu_order":0,"comment_status":"closed","ping_status":"closed","template":"","meta":{"footnotes":""},"class_list":["post-4347","page","type-page","status-publish","hentry"],"_links":{"self":[{"href":"https:\/\/saapgestao.com.br\/saapold\/wp-json\/wp\/v2\/pages\/4347"}],"collection":[{"href":"https:\/\/saapgestao.com.br\/saapold\/wp-json\/wp\/v2\/pages"}],"about":[{"href":"https:\/\/saapgestao.com.br\/saapold\/wp-json\/wp\/v2\/types\/page"}],"author":[{"embeddable":true,"href":"https:\/\/saapgestao.com.br\/saapold\/wp-json\/wp\/v2\/users\/1"}],"replies":[{"embeddable":true,"href":"https:\/\/saapgestao.com.br\/saapold\/wp-json\/wp\/v2\/comments?post=4347"}],"version-history":[{"count":0,"href":"https:\/\/saapgestao.com.br\/saapold\/wp-json\/wp\/v2\/pages\/4347\/revisions"}],"up":[{"embeddable":true,"href":"https:\/\/saapgestao.com.br\/saapold\/wp-json\/wp\/v2\/pages\/24"}],"wp:attachment":[{"href":"https:\/\/saapgestao.com.br\/saapold\/wp-json\/wp\/v2\/media?parent=4347"}],"curies":[{"name":"wp","href":"https:\/\/api.w.org\/{rel}","templated":true}]}}