
{"id":4369,"date":"2017-05-03T14:47:50","date_gmt":"2017-05-03T17:47:50","guid":{"rendered":"http:\/\/localhost\/saap\/?page_id=4369"},"modified":"2019-03-12T12:06:59","modified_gmt":"2019-03-12T15:06:59","slug":"telefones-uteis","status":"publish","type":"page","link":"https:\/\/saapgestao.com.br\/saapold\/utilidades\/telefones-uteis\/","title":{"rendered":"TELEFONES \u00daTEIS"},"content":{"rendered":"<p>Recomendamos salvar em seu celular para t\u00ea-los sempre a m\u00e3o:<\/p>\n<p><strong>1\u00aa Cia do 23\u00ba BPM<\/strong><br \/>\n3021-9648 e 3023-1125<br \/>\nAv. Prof. Fonseca Rodrigues, 1655<br \/>\n(dentro do Parque Villa-Lobos)<\/p>\n<p><strong>14\u00aa Delegacia da Pol\u00edcia Civil<\/strong><br \/>\n3032-1100 e 3031-8011<br \/>\nRua Dep. Lacerda Franco, 372<\/p>\n<p><b>\u00c1gua e Esgoto<\/b>: 115<\/p>\n<p><b>ANAC<\/b>: 163<\/p>\n<p><b>ANATEL:<\/b>\u00a01331<\/p>\n<p><b>ANEEL:<\/b>\u00a0167<\/p>\n<p><b>ANTT<\/b>: 166<\/p>\n<p><strong>Banco Central: <\/strong>145<\/p>\n<p><strong>Bombeiros<\/strong>: 193<\/p>\n<p><strong>CET<\/strong>: 1188<\/p>\n<p><strong>Centro de Valoriza\u00e7\u00e3o da Vida<\/strong>: 188<\/p>\n<p><strong>Conselho Tutelar<\/strong>: 125<\/p>\n<p><strong>Defensoria P\u00fablica<\/strong>: 162<\/p>\n<p><strong>Defesa Civil<\/strong>: 2193-8888 \/ 199<\/p>\n<p><strong>Delegacia da Mulher<\/strong><strong>:<\/strong>\u00a0180<\/p>\n<p><strong>Delegacia do Trabalho:<\/strong>\u00a0158<\/p>\n<p><strong>DETRAN:<\/strong>\u00a0154<\/p>\n<p><strong>Direitos Humanos:<\/strong>\u00a0100<\/p>\n<p><strong>Disque-Den\u00fancia:<\/strong> 181<\/p>\n<p><strong>Disque-Eleitor:<\/strong>\u00a0148<\/p>\n<p><strong>Disque-Ouvidoria:<\/strong>\u00a0162<\/p>\n<p><strong>Guarda Civil:<\/strong> 153<\/p>\n<p><strong>Eletropaulo:<\/strong> 0800 72 72 196<\/p>\n<p><strong>Energia El\u00e9trica:<\/strong>\u00a0116<\/p>\n<p><strong>G\u00e1s Encanado:<\/strong>\u00a0117<\/p>\n<p><strong>Ilume:<\/strong> 0800 779 0156<\/p>\n<p><strong>Minist\u00e9rio P\u00fablico:<\/strong>\u00a0129<\/p>\n<p><strong>Pol\u00edcia Civil:<\/strong>\u00a0197<\/p>\n<p><strong>Pol\u00edcia Militar:<\/strong> 190<\/p>\n<p><strong>Pol\u00edcia Rodovi\u00e1ria Federal:<\/strong>\u00a0191<\/p>\n<p><strong>Pol\u00edcia Rodovi\u00e1ria Estadual:<\/strong>\u00a0198<\/p>\n<p><strong>Preven\u00e7\u00e3o \u00e0s drogas: <\/strong>132<\/p>\n<p><strong>Previd\u00eancia: <\/strong>135<\/p>\n<p><strong>Procon:\u00a0<\/strong>151<\/p>\n<p><strong>Receita Federal:\u00a0<\/strong>146<\/p>\n<p><strong>SAC Prefeitura:<\/strong> 156<\/p>\n<p><strong>SAMU:<\/strong> 192<\/p>\n<p><strong>Sabesp:<\/strong> 156 (emerg\u00eancia) e 0800 011 9911<\/p>\n<p><strong>Secret\u00e1ria de Sa\u00fade:<\/strong>\u00a0160<\/p>\n<p><strong>Subprefeitura de Pinheiros:<\/strong> 3095-9595<\/p>\n<p><strong>SUS:<\/strong>\u00a0136<\/p>\n<p><strong>Tribunal de Justi\u00e7a:<\/strong>\u00a0159<\/p>\n<p><strong>Vigil\u00e2ncia Sanit\u00e1ria:<\/strong>\u00a0150<\/p>\n","protected":false},"excerpt":{"rendered":"<p>Recomendamos salvar em seu celular para t\u00ea-los sempre a m\u00e3o: 1\u00aa Cia do 23\u00ba BPM 3021-9648 e 3023-1125 Av. Prof. Fonseca Rodrigues, 1655 (dentro do Parque Villa-Lobos) 14\u00aa Delegacia da Pol\u00edcia Civil 3032-1100 e 3031-8011 Rua Dep. Lacerda Franco, 372 \u00c1gua e Esgoto: 115 ANAC: 163 ANATEL:\u00a01331 ANEEL:\u00a0167 ANTT: 166 Banco Central: 145 Bombeiros: 193 [&hellip;]<\/p>\n","protected":false},"author":1,"featured_media":0,"parent":55,"menu_order":0,"comment_status":"closed","ping_status":"closed","template":"","meta":{"footnotes":""},"class_list":["post-4369","page","type-page","status-publish","hentry"],"_links":{"self":[{"href":"https:\/\/saapgestao.com.br\/saapold\/wp-json\/wp\/v2\/pages\/4369"}],"collection":[{"href":"https:\/\/saapgestao.com.br\/saapold\/wp-json\/wp\/v2\/pages"}],"about":[{"href":"https:\/\/saapgestao.com.br\/saapold\/wp-json\/wp\/v2\/types\/page"}],"author":[{"embeddable":true,"href":"https:\/\/saapgestao.com.br\/saapold\/wp-json\/wp\/v2\/users\/1"}],"replies":[{"embeddable":true,"href":"https:\/\/saapgestao.com.br\/saapold\/wp-json\/wp\/v2\/comments?post=4369"}],"version-history":[{"count":0,"href":"https:\/\/saapgestao.com.br\/saapold\/wp-json\/wp\/v2\/pages\/4369\/revisions"}],"up":[{"embeddable":true,"href":"https:\/\/saapgestao.com.br\/saapold\/wp-json\/wp\/v2\/pages\/55"}],"wp:attachment":[{"href":"https:\/\/saapgestao.com.br\/saapold\/wp-json\/wp\/v2\/media?parent=4369"}],"curies":[{"name":"wp","href":"https:\/\/api.w.org\/{rel}","templated":true}]}}