
{"id":4373,"date":"2017-05-03T14:51:15","date_gmt":"2017-05-03T17:51:15","guid":{"rendered":"http:\/\/localhost\/saap\/?page_id=4373"},"modified":"2021-07-14T15:49:14","modified_gmt":"2021-07-14T18:49:14","slug":"calcadas","status":"publish","type":"page","link":"https:\/\/saapgestao.com.br\/saapold\/utilidades\/calcadas\/","title":{"rendered":"Cal\u00e7adas"},"content":{"rendered":"<p><img fetchpriority=\"high\" decoding=\"async\" class=\"alignleft size-medium wp-image-4615\" src=\"http:\/\/saapgestao.com.br\/saapold\/wp-content\/uploads\/2017\/05\/4_1calcadas-225x300.png\" alt=\"\" width=\"225\" height=\"300\" srcset=\"https:\/\/saapgestao.com.br\/saapold\/wp-content\/uploads\/2017\/05\/4_1calcadas-225x300.png 225w, https:\/\/saapgestao.com.br\/saapold\/wp-content\/uploads\/2017\/05\/4_1calcadas.png 265w\" sizes=\"(max-width: 225px) 100vw, 225px\" \/><\/p>\n<p>Precisamos da sua ajuda para manter o charme e as caracter\u00edsticas do bairro. Quando criado,\u00a0<a href=\"http:\/\/localhost\/saap\/nosso-bairro\/\">nosso bairro jardim foi concebido para ter cal\u00e7adas verdes<\/a>, com faixas de passeio e canteiros, seguindo especifica\u00e7\u00f5es para que pudessem ser cont\u00ednuas ao longo das quadras. Assim todos n\u00f3s podemos desfrutar do nosso bairro com caminhadas seguras pelas nossas ruas arborizadas.<\/p>\n<p>Infelizmente temos notado que os moradores, ao reformar sua casa, eliminam as faixas verdes ou n\u00e3o consultam a cartilha da Prefeitura e acabam desrespeitando estas especifica\u00e7\u00f5es que pode levar a ser multado pela Prefeitura Municipal de S\u00e3o Paulo.<\/p>\n<p>Por isso, criamos uma campanha de adequa\u00e7\u00e3o das cal\u00e7adas para informar e orientar os moradores do bairro sobre como devem ser as cal\u00e7adas, respeitando as\u00a0<a href=\"http:\/\/www.prefeitura.sp.gov.br\/cidade\/secretarias\/subprefeituras\/calcadas\/\">leis municipais\u00a0<\/a>e o projeto original do bairro com as faixas verdes. Al\u00e9m de mant\u00ea-las acess\u00edveis para todos os passantes e pessoas com mobilidade reduzida sem degraus ou obst\u00e1culo.<\/p>\n<p>Foi multado? Veja como proceder.<\/p>\n<p>Infelizmente a prefeitura n\u00e3o notifica a irregularidade, ela j\u00e1 faz uma notifica\u00e7\u00e3o de multa. Mas realizando as corre\u00e7\u00f5es e submetendo documenta\u00e7\u00e3o a Subprefeitura de Pinheiros, ela poder\u00e1 ser cancelada.<\/p>\n<p>1 \u00ba Passo<\/p>\n<p>Consultar o manual de cal\u00e7adas para verificar como proceder na regulariza\u00e7\u00e3o (link abaixo). Na multa que recebeu tem a descri\u00e7\u00e3o do item que dever\u00e1 ser arrumado.<\/p>\n<p>&nbsp;<\/p>\n<p>2 \u00ba Passo<\/p>\n<p>Regulariza\u00e7\u00e3o \u2013 Reforma da cal\u00e7ada, respeitando as orienta\u00e7\u00f5es de manual. N\u00e3o esque\u00e7a de deixar as faixas verdes!<\/p>\n<p>&nbsp;<\/p>\n<p>3\u00ba Passo<\/p>\n<p>Preencher os tr\u00eas formul\u00e1rios: \u00a0&#8211; link para os formul\u00e1rios<\/p>\n<p>1) <a href=\"http:\/\/saapgestao.com.br\/saapold\/wp-content\/uploads\/2017\/05\/Requerimento-de-cancelamento-de-multa.pdf\">Requerimento de cancelamento de multa<\/a><\/p>\n<p>2) <a href=\"http:\/\/saapgestao.com.br\/saapold\/wp-content\/uploads\/2017\/05\/Requerimento-para-comunica\u00e7\u00e3o-de-regulariza\u00e7\u00e3o.pdf\">Comunica\u00e7\u00e3o de regulariza\u00e7\u00e3o<\/a><\/p>\n<p>3) <a href=\"http:\/\/saapgestao.com.br\/saapold\/wp-content\/uploads\/2017\/05\/Declara\u00e7\u00e3o-de-Veracidade.pdf\">Declara\u00e7\u00e3o de Veracidade<\/a><\/p>\n<p>&nbsp;<\/p>\n<p>4\u00ba Passo<\/p>\n<p>Digitalizar todos os formul\u00e1rios, documenta\u00e7\u00e3o exigida e fotos em um \u00fanico arquivo em PDF<\/p>\n<p>Entregar o Pen Drive na pra\u00e7a de atendimento da Subprefeitura \u2013 necessita agendamento<\/p>\n<p>Acompanhar o processo pela sistema SEI.<\/p>\n<p>&nbsp;<\/p>\n<p>A cal\u00e7ada \u00e9 responsabilidade do morador, e depende de todos n\u00f3s zelar por um bairro apraz\u00edvel e acess\u00edvel a pedestres. Mantenha sua cal\u00e7ada em ordem, converse com os vizinhos, e tamb\u00e9m indicando a SAAP quando vir uma casa em reforma ou que precise modernizar sua cal\u00e7ada para atend as especifica\u00e7\u00f5es da prefeitura para que possamos enviar as informa\u00e7\u00f5es sobre o assunto. Mande um e-mail com o endere\u00e7o da obra para\u00a0<a href=\"mailto:saap@saapgestao.com.br\">saap@saapgestao.com.br<\/a>.<\/p>\n<p>&nbsp;<\/p>\n<p>Desde j\u00e1 agradecemos sua ajuda!<\/p>\n<p>&nbsp;<\/p>\n<p>Mais informa\u00e7\u00f5es sobre cal\u00e7adas:<\/p>\n<p><a href=\"https:\/\/saapblog.wordpress.com\/2012\/02\/19\/conheca-as-regras-para-arrumar-a-sua-calcada\/\">Conhe\u00e7a as regras para arrumar a sua\u00a0cal\u00e7ada<\/a>, cartilha da PMSP:<\/p>\n<p><a href=\"https:\/\/www.prefeitura.sp.gov.br\/cidade\/secretarias\/upload\/Cartilha%20de%20Cal%C3%A7adas%202020.PDF\">https:\/\/www.prefeitura.sp.gov.br\/cidade\/secretarias\/upload\/Cartilha%20de%20Cal%C3%A7adas%202020.PDF<\/a><\/p>\n","protected":false},"excerpt":{"rendered":"<p>Precisamos da sua ajuda para manter o charme e as caracter\u00edsticas do bairro. Quando criado,\u00a0nosso bairro jardim foi concebido para ter cal\u00e7adas verdes, com faixas de passeio e canteiros, seguindo especifica\u00e7\u00f5es para que pudessem ser cont\u00ednuas ao longo das quadras. Assim todos n\u00f3s podemos desfrutar do nosso bairro com caminhadas seguras pelas nossas ruas arborizadas. [&hellip;]<\/p>\n","protected":false},"author":1,"featured_media":0,"parent":55,"menu_order":0,"comment_status":"closed","ping_status":"closed","template":"","meta":{"footnotes":""},"class_list":["post-4373","page","type-page","status-publish","hentry"],"_links":{"self":[{"href":"https:\/\/saapgestao.com.br\/saapold\/wp-json\/wp\/v2\/pages\/4373"}],"collection":[{"href":"https:\/\/saapgestao.com.br\/saapold\/wp-json\/wp\/v2\/pages"}],"about":[{"href":"https:\/\/saapgestao.com.br\/saapold\/wp-json\/wp\/v2\/types\/page"}],"author":[{"embeddable":true,"href":"https:\/\/saapgestao.com.br\/saapold\/wp-json\/wp\/v2\/users\/1"}],"replies":[{"embeddable":true,"href":"https:\/\/saapgestao.com.br\/saapold\/wp-json\/wp\/v2\/comments?post=4373"}],"version-history":[{"count":0,"href":"https:\/\/saapgestao.com.br\/saapold\/wp-json\/wp\/v2\/pages\/4373\/revisions"}],"up":[{"embeddable":true,"href":"https:\/\/saapgestao.com.br\/saapold\/wp-json\/wp\/v2\/pages\/55"}],"wp:attachment":[{"href":"https:\/\/saapgestao.com.br\/saapold\/wp-json\/wp\/v2\/media?parent=4373"}],"curies":[{"name":"wp","href":"https:\/\/api.w.org\/{rel}","templated":true}]}}