
{"id":4378,"date":"2017-05-03T14:54:06","date_gmt":"2017-05-03T17:54:06","guid":{"rendered":"http:\/\/localhost\/saap\/?page_id=4378"},"modified":"2019-04-12T14:25:24","modified_gmt":"2019-04-12T17:25:24","slug":"como-fazer-uma-denuncia","status":"publish","type":"page","link":"https:\/\/saapgestao.com.br\/saapold\/utilidades\/como-fazer-uma-denuncia\/","title":{"rendered":"Como fazer uma den\u00fancia"},"content":{"rendered":"<h2><strong>COMO DENUNCIAR USO <\/strong><strong>OU <\/strong><strong>CONSTRU\u00c7\u00c3O IRREGULAR?<\/strong><\/h2>\n<p>A SAAP surgiu com a miss\u00e3o de preservar a tranquilidade e as caracter\u00edsticas residenciais deste lindo bairro jardim. Estamos sempre atentos \u00e0 obedi\u00eancia das leis de zoneamento do bairro e regrar definidas pelos loteadores, zelando para que as constru\u00e7\u00f5es e os usos dos im\u00f3veis estejam de acordo com a lei.<\/p>\n<h2><strong>\u00a0<\/strong>O que denunciar?<\/h2>\n<ul>\n<li>resid\u00eancia sendo utilizada como escrit\u00f3rio, com\u00e9rcio ou comit\u00ea pol\u00edtico, ou qualquer explora\u00e7\u00e3o comercial para outras atividades em locais n\u00e3o permitidos.<\/li>\n<li>terreno transformado em dep\u00f3sito de material ou lixo e coloca\u00e7\u00e3o de outdoor ou antenas e estacionamento.<\/li>\n<li>constru\u00e7\u00e3o ou reforma irregular (em desacordo com o recuo obrigat\u00f3rio de frente ou das laterais ou de fundo, mais de dois andares, etc.).<\/li>\n<\/ul>\n<p>&nbsp;<\/p>\n<p>Se tiver d\u00favida ou suspeita, consulte a SAAP sobre o que \u00e9 permitido.<\/p>\n<p>&nbsp;<\/p>\n<p>Ap\u00f3s a constata\u00e7\u00e3o do uso irregular, com fotos datadas do im\u00f3vel e provas concretas sobre a atividade no mesmo (exist\u00eancia de placas, movimenta\u00e7\u00e3o de pessoas, indica\u00e7\u00e3o do endere\u00e7o comercial na lista telef\u00f4nica e outros), a SAAP pode encaminhar os documentos levantados pelo denunciante para a Subprefeitura de Pinheiros e tamb\u00e9m para o Minist\u00e9rio P\u00fablico, sem identificar o denunciante.<\/p>\n","protected":false},"excerpt":{"rendered":"<p>COMO DENUNCIAR USO OU CONSTRU\u00c7\u00c3O IRREGULAR? A SAAP surgiu com a miss\u00e3o de preservar a tranquilidade e as caracter\u00edsticas residenciais deste lindo bairro jardim. Estamos sempre atentos \u00e0 obedi\u00eancia das leis de zoneamento do bairro e regrar definidas pelos loteadores, zelando para que as constru\u00e7\u00f5es e os usos dos im\u00f3veis estejam de acordo com a [&hellip;]<\/p>\n","protected":false},"author":1,"featured_media":0,"parent":55,"menu_order":0,"comment_status":"closed","ping_status":"closed","template":"","meta":{"footnotes":""},"class_list":["post-4378","page","type-page","status-publish","hentry"],"_links":{"self":[{"href":"https:\/\/saapgestao.com.br\/saapold\/wp-json\/wp\/v2\/pages\/4378"}],"collection":[{"href":"https:\/\/saapgestao.com.br\/saapold\/wp-json\/wp\/v2\/pages"}],"about":[{"href":"https:\/\/saapgestao.com.br\/saapold\/wp-json\/wp\/v2\/types\/page"}],"author":[{"embeddable":true,"href":"https:\/\/saapgestao.com.br\/saapold\/wp-json\/wp\/v2\/users\/1"}],"replies":[{"embeddable":true,"href":"https:\/\/saapgestao.com.br\/saapold\/wp-json\/wp\/v2\/comments?post=4378"}],"version-history":[{"count":0,"href":"https:\/\/saapgestao.com.br\/saapold\/wp-json\/wp\/v2\/pages\/4378\/revisions"}],"up":[{"embeddable":true,"href":"https:\/\/saapgestao.com.br\/saapold\/wp-json\/wp\/v2\/pages\/55"}],"wp:attachment":[{"href":"https:\/\/saapgestao.com.br\/saapold\/wp-json\/wp\/v2\/media?parent=4378"}],"curies":[{"name":"wp","href":"https:\/\/api.w.org\/{rel}","templated":true}]}}