
{"id":4381,"date":"2017-05-03T14:55:50","date_gmt":"2017-05-03T17:55:50","guid":{"rendered":"http:\/\/localhost\/saap\/?page_id=4381"},"modified":"2019-04-12T14:18:11","modified_gmt":"2019-04-12T17:18:11","slug":"descarte-de-lixo","status":"publish","type":"page","link":"https:\/\/saapgestao.com.br\/saapold\/utilidades\/descarte-de-lixo\/","title":{"rendered":"Descarte de Lixo"},"content":{"rendered":"<p><img fetchpriority=\"high\" decoding=\"async\" class=\"img-responsive alignnone wp-image-4617 size-full\" src=\"http:\/\/saapgestao.com.br\/saapold\/wp-content\/uploads\/2017\/05\/4_2descartedelixo.png\" alt=\"\" width=\"395\" height=\"216\" srcset=\"https:\/\/saapgestao.com.br\/saapold\/wp-content\/uploads\/2017\/05\/4_2descartedelixo.png 395w, https:\/\/saapgestao.com.br\/saapold\/wp-content\/uploads\/2017\/05\/4_2descartedelixo-300x164.png 300w\" sizes=\"(max-width: 395px) 100vw, 395px\" \/><\/p>\n<p><strong>Coleta de lixo domiciliar, seletiva<\/strong>\u00a0<strong>e varri\u00e7\u00e3o de rua<\/strong><\/p>\n<p>Nosso bairro possui coleta de lixo domiciliar tr\u00eas vezes por semana, <span style=\"text-decoration: line-through;\">a<\/span> coleta seletiva uma vez por semana e varri\u00e7\u00e3o de rua. Para saber os hor\u00e1rios de\u00a0<strong>coleta da<\/strong> sua rua e, tamb\u00e9m, saber qual o dia e frequ\u00eancia com que sua rua \u00e9 varrida, consulte este link do site da Prefeitura de S\u00e3o Paulo:<\/p>\n<p><a href=\"http:\/\/www3.prefeitura.sp.gov.br\/limpeza_urbana\/FormsPublic\/LimpezaRua.aspx\">http:\/\/www3.prefeitura.sp.gov.br\/limpeza_urbana\/FormsPublic\/LimpezaRua.aspx<\/a><\/p>\n<h2><strong>Ecoponto<\/strong><\/h2>\n<p><strong>Ecopontos na regi\u00e3o<\/strong>:<\/p>\n<ul>\n<li>Pra\u00e7a Arcipreste Anselmo de Oliveira, embaixo da ponte Cidade Universit\u00e1ria.<\/li>\n<\/ul>\n<p>Hor\u00e1rio: de segunda a s\u00e1bado, das 8h \u00e0s 21h20, segundo a Inova, empresa que administra o servi\u00e7o no local.<\/p>\n<p>2 &#8211; R. Girassol, 15 &#8211; Vila Madalena<\/p>\n<p>Hor\u00e1rio:\u00a0de 2\u00aa a sexta, das 7h \u00e0s 17h e aos s\u00e1bados, das 8h \u00e0s 15h<\/p>\n<p>O Ecoponto recebe madeira, m\u00f3veis, restos de poda, res\u00edduos de constru\u00e7\u00e3o civil, papel, pl\u00e1stico, metal, vidro\u2026 O limite por pessoa \u00e9 1 metro c\u00fabico (equivalente ao tamanho de uma caixa d\u2019\u00e1gua de 1000 litros).<\/p>\n<p>N\u00e3o podem ser levados itens como lixo org\u00e2nico domiciliar, equipamentos eletr\u00f4nicos, \u00f3leo de cozinha usado, pneus e gesso.<\/p>\n<p><strong>\u00a0<\/strong><\/p>\n<p><strong>Como descartar de forma adequada os restos de jardinagem e\u00a0podas<\/strong><\/p>\n<p>O descarte incorreto de folhas, galhos, ra\u00edzes e terra \u2013 ou seja, do lixo verde \u2013 tem sido frequente e hoje \u00e9 um problema no bairro. Amontoar os detritos na cal\u00e7ada atrapalha o tr\u00e2nsito de pedestres, prejudica o solo onde os restos foram largados e ajuda a atrair animais pe\u00e7onhentos. Al\u00e9m disso, \u00e9 crime ambiental, sujeito a multa, como prev\u00ea a lei municipal 13.478\/2002.<\/p>\n<p>&nbsp;<\/p>\n<p>O que fazer:<\/p>\n<ul>\n<li>Se a quantidade de lixo for pequena, coloque em sacos (at\u00e9 dois) e deixe na frente de sua casa no dia em que o lixeiro for passar.<\/li>\n<li>Se a quantidade for grande, alugue uma ca\u00e7amba ou contrate um servi\u00e7o de coleta domiciliar de res\u00edduos. H\u00e1 v\u00e1rias empresas que prestam esse servi\u00e7o. Em uma ca\u00e7amba cabe, em m\u00e9dia, o equivalente a 70 a 90 sacos. Os servi\u00e7os de coleta t\u00eam capacidade maior.<\/li>\n<li>Outra op\u00e7\u00e3o \u00e9 levar os res\u00edduos para o\u00a0<strong>Ecoponto<\/strong><strong>.<\/strong><\/li>\n<\/ul>\n<p>&nbsp;<\/p>\n<p>Veja o que\u00a0<strong>n\u00e3o<\/strong>\u00a0pode ser feito:<\/p>\n<ul>\n<li>Deixar os dejetos soltos, fora de sacos de lixo em frente da sua casa. O lixeiro n\u00e3o recolhe e a Prefeitura n\u00e3o tem servi\u00e7o regular para catar esses entulhos;<\/li>\n<li>Jogar o lixo verde em canteiros, esquinas ou nas pra\u00e7as. Novamente: a Prefeitura n\u00e3o faz a coleta peri\u00f3dica desse tipo de material;<\/li>\n<li>Ensacar os restos de poda e coloc\u00e1-los em canteiros ou pra\u00e7as. Isso o lixeiro e a Prefeitura tamb\u00e9m n\u00e3o recolhem.<\/li>\n<li>Ensacar o material em grande quantidade e colocar tudo na frente da casa. Isso prejudica a capacidade dos caminh\u00f5es de lixo, que recolhem at\u00e9 dois sacos.<\/li>\n<\/ul>\n<p>Adote esses procedimentos e oriente seu jardineiro sobre o modo correto de descartar o lixo verde. O Alto de Pinheiros ficar\u00e1 mais bonito e mais saud\u00e1vel.<\/p>\n","protected":false},"excerpt":{"rendered":"<p>Coleta de lixo domiciliar, seletiva\u00a0e varri\u00e7\u00e3o de rua Nosso bairro possui coleta de lixo domiciliar tr\u00eas vezes por semana, a coleta seletiva uma vez por semana e varri\u00e7\u00e3o de rua. Para saber os hor\u00e1rios de\u00a0coleta da sua rua e, tamb\u00e9m, saber qual o dia e frequ\u00eancia com que sua rua \u00e9 varrida, consulte este link [&hellip;]<\/p>\n","protected":false},"author":1,"featured_media":0,"parent":55,"menu_order":0,"comment_status":"closed","ping_status":"closed","template":"","meta":{"footnotes":""},"class_list":["post-4381","page","type-page","status-publish","hentry"],"_links":{"self":[{"href":"https:\/\/saapgestao.com.br\/saapold\/wp-json\/wp\/v2\/pages\/4381"}],"collection":[{"href":"https:\/\/saapgestao.com.br\/saapold\/wp-json\/wp\/v2\/pages"}],"about":[{"href":"https:\/\/saapgestao.com.br\/saapold\/wp-json\/wp\/v2\/types\/page"}],"author":[{"embeddable":true,"href":"https:\/\/saapgestao.com.br\/saapold\/wp-json\/wp\/v2\/users\/1"}],"replies":[{"embeddable":true,"href":"https:\/\/saapgestao.com.br\/saapold\/wp-json\/wp\/v2\/comments?post=4381"}],"version-history":[{"count":0,"href":"https:\/\/saapgestao.com.br\/saapold\/wp-json\/wp\/v2\/pages\/4381\/revisions"}],"up":[{"embeddable":true,"href":"https:\/\/saapgestao.com.br\/saapold\/wp-json\/wp\/v2\/pages\/55"}],"wp:attachment":[{"href":"https:\/\/saapgestao.com.br\/saapold\/wp-json\/wp\/v2\/media?parent=4381"}],"curies":[{"name":"wp","href":"https:\/\/api.w.org\/{rel}","templated":true}]}}