
{"id":4392,"date":"2017-05-03T15:03:05","date_gmt":"2017-05-03T18:03:05","guid":{"rendered":"http:\/\/localhost\/saap\/?page_id=4392"},"modified":"2017-05-03T15:03:05","modified_gmt":"2017-05-03T18:03:05","slug":"participe","status":"publish","type":"page","link":"https:\/\/saapgestao.com.br\/saapold\/participe\/","title":{"rendered":"Participe"},"content":{"rendered":"<p>Veja as formas que voc\u00ea pode se engajar e ajudar a zelar pelo nosso bairro!<\/p>\n<ul>\n<li>Associe-se<\/li>\n<li>Fa\u00e7a uma Doa\u00e7\u00e3o<\/li>\n<li>Seja um volunt\u00e1rio<\/li>\n<li>Fa\u00e7a uma den\u00fancia<\/li>\n<li>Implante o programa Vizinhan\u00e7a Solid\u00e1ria na sua rua<\/li>\n<li>Cuide do seu lixo (link para utilidades)<\/li>\n<li>Evite criadouro de mosquitos em sua casa<\/li>\n<li>Tem foto antiga do bairro?<\/li>\n<li>Participe das reuni\u00f5es do CADES e Conseg<\/li>\n<\/ul>\n","protected":false},"excerpt":{"rendered":"<p>Veja as formas que voc\u00ea pode se engajar e ajudar a zelar pelo nosso bairro! Associe-se Fa\u00e7a uma Doa\u00e7\u00e3o Seja um volunt\u00e1rio Fa\u00e7a uma den\u00fancia Implante o programa Vizinhan\u00e7a Solid\u00e1ria na sua rua Cuide do seu lixo (link para utilidades) Evite criadouro de mosquitos em sua casa Tem foto antiga do bairro? Participe das reuni\u00f5es [&hellip;]<\/p>\n","protected":false},"author":1,"featured_media":0,"parent":0,"menu_order":0,"comment_status":"closed","ping_status":"closed","template":"","meta":{"footnotes":""},"class_list":["post-4392","page","type-page","status-publish","hentry"],"_links":{"self":[{"href":"https:\/\/saapgestao.com.br\/saapold\/wp-json\/wp\/v2\/pages\/4392"}],"collection":[{"href":"https:\/\/saapgestao.com.br\/saapold\/wp-json\/wp\/v2\/pages"}],"about":[{"href":"https:\/\/saapgestao.com.br\/saapold\/wp-json\/wp\/v2\/types\/page"}],"author":[{"embeddable":true,"href":"https:\/\/saapgestao.com.br\/saapold\/wp-json\/wp\/v2\/users\/1"}],"replies":[{"embeddable":true,"href":"https:\/\/saapgestao.com.br\/saapold\/wp-json\/wp\/v2\/comments?post=4392"}],"version-history":[{"count":0,"href":"https:\/\/saapgestao.com.br\/saapold\/wp-json\/wp\/v2\/pages\/4392\/revisions"}],"wp:attachment":[{"href":"https:\/\/saapgestao.com.br\/saapold\/wp-json\/wp\/v2\/media?parent=4392"}],"curies":[{"name":"wp","href":"https:\/\/api.w.org\/{rel}","templated":true}]}}