
{"id":4401,"date":"2017-05-03T15:08:45","date_gmt":"2017-05-03T18:08:45","guid":{"rendered":"http:\/\/localhost\/saap\/?page_id=4401"},"modified":"2017-05-03T15:08:45","modified_gmt":"2017-05-03T18:08:45","slug":"seja-um-voluntario","status":"publish","type":"page","link":"https:\/\/saapgestao.com.br\/saapold\/participe\/seja-um-voluntario\/","title":{"rendered":"Seja um volunt\u00e1rio"},"content":{"rendered":"<p>A SAAP tem diversos projetos em andamento, todos executados por volunt\u00e1rios! E constantemente deixa de executar atividades n\u00e3o pela falta de ideias ou recursos financeiros mas sim pela falta de pessoas para liderar e executar os projetos e atividades. Tem algumas horas por semanas dispon\u00edveis ou est\u00e1 em um per\u00edodo sab\u00e1tico? Entre em contato conosco e seja volunt\u00e1rio!<\/p>\n<p>Agendaremos uma conversa para ver qual sua \u00e1rea de interesse, compet\u00eancias e disponibilidade para encontrar uma a\u00e7\u00e3o que seja ao mesmo tempo realizadora para voc\u00ea e que contribu\u00eda com a nossa miss\u00e3o.<\/p>\n<p>Visite a nossa p\u00e1gina de projetos e envie um e-mail para saap@saapgestao.com.br<\/p>\n","protected":false},"excerpt":{"rendered":"<p>A SAAP tem diversos projetos em andamento, todos executados por volunt\u00e1rios! E constantemente deixa de executar atividades n\u00e3o pela falta de ideias ou recursos financeiros mas sim pela falta de pessoas para liderar e executar os projetos e atividades. Tem algumas horas por semanas dispon\u00edveis ou est\u00e1 em um per\u00edodo sab\u00e1tico? Entre em contato conosco [&hellip;]<\/p>\n","protected":false},"author":1,"featured_media":0,"parent":4392,"menu_order":0,"comment_status":"closed","ping_status":"closed","template":"","meta":{"footnotes":""},"class_list":["post-4401","page","type-page","status-publish","hentry"],"_links":{"self":[{"href":"https:\/\/saapgestao.com.br\/saapold\/wp-json\/wp\/v2\/pages\/4401"}],"collection":[{"href":"https:\/\/saapgestao.com.br\/saapold\/wp-json\/wp\/v2\/pages"}],"about":[{"href":"https:\/\/saapgestao.com.br\/saapold\/wp-json\/wp\/v2\/types\/page"}],"author":[{"embeddable":true,"href":"https:\/\/saapgestao.com.br\/saapold\/wp-json\/wp\/v2\/users\/1"}],"replies":[{"embeddable":true,"href":"https:\/\/saapgestao.com.br\/saapold\/wp-json\/wp\/v2\/comments?post=4401"}],"version-history":[{"count":0,"href":"https:\/\/saapgestao.com.br\/saapold\/wp-json\/wp\/v2\/pages\/4401\/revisions"}],"up":[{"embeddable":true,"href":"https:\/\/saapgestao.com.br\/saapold\/wp-json\/wp\/v2\/pages\/4392"}],"wp:attachment":[{"href":"https:\/\/saapgestao.com.br\/saapold\/wp-json\/wp\/v2\/media?parent=4401"}],"curies":[{"name":"wp","href":"https:\/\/api.w.org\/{rel}","templated":true}]}}