
{"id":4403,"date":"2017-05-03T15:10:39","date_gmt":"2017-05-03T18:10:39","guid":{"rendered":"http:\/\/localhost\/saap\/?page_id=4403"},"modified":"2024-04-04T12:30:35","modified_gmt":"2024-04-04T15:30:35","slug":"implante-o-programa-vizinhanca-solidaria-na-sua-rua","status":"publish","type":"page","link":"https:\/\/saapgestao.com.br\/saapold\/participe\/implante-o-programa-vizinhanca-solidaria-na-sua-rua\/","title":{"rendered":"Implante o programa vizinhan\u00e7a solid\u00e1ria na sua rua"},"content":{"rendered":"<p><img decoding=\"async\" class=\"img-responsive img-left pull-left alignnone wp-image-4619\" src=\"http:\/\/saapgestao.com.br\/saapold\/wp-content\/uploads\/2017\/05\/5_1implante.png\" alt=\"\" width=\"142\" height=\"200\" \/>Vizinhan\u00e7a Solid\u00e1ria \u00e9 um programa que foi criado pela Pol\u00edcia Militar em 2009, quando foram procurados por um grupo de s\u00edndicos de pr\u00e9dios no Itaim Bibi. A ideia do programa foi de promover reuni\u00f5es peri\u00f3dicas entre vizinhos, com participa\u00e7\u00e3o de representantes da pol\u00edcia, para discutir a\u00e7\u00f5es de seguran\u00e7a.<\/p>\n<p>Desde ent\u00e3o, tem sido aplicado em diversas localidades, com bastante \u00eaxito, inclusive aqui no Alto dos Pinheiros. O programa consiste em resgatar o entrosamento entre os moradores de uma mesma rua, com o objetivo de estabelecer um vinculo solid\u00e1rio como ferramenta para facilitar o policiamento preventivo, redu\u00e7\u00e3o da criminalidade local e busca de solu\u00e7\u00f5es adequadas para os problemas relativos \u00e0 seguran\u00e7a dos moradores.<\/p>\n<ul>\n<li>Estimula a participa\u00e7\u00e3o de todos dentro da sua comunidade.<\/li>\n<li>Identifica\u00e7\u00e3o de seus vizinhos<\/li>\n<li>Monitoramento local<\/li>\n<li>Rede de informa\u00e7\u00f5es<\/li>\n<\/ul>\n<p>Como funciona:<\/p>\n<ul>\n<li>Os vizinhos se encontram periodicamente para discutir a\u00e7\u00f5es coletivas relacionadas a seguran\u00e7a;<\/li>\n<li>Compartilham dados de contatos para troca de informa\u00e7\u00f5es e em casos de emerg\u00eancias. \u00c9 recomendada a cria\u00e7\u00e3o de um grupo de WhatsApp para facilitar a comunica\u00e7\u00e3o;<\/li>\n<li>O grupo mantem contato peri\u00f3dico com a Policia Militar.<\/li>\n<\/ul>\n<p><strong>\u00a0<\/strong><\/p>\n<h2>Passo-a-passo para Implementar o Programa Vizinhan\u00e7a Solid\u00e1ria<\/h2>\n<ol>\n<li>Realizar um encontro com os vizinhos para ades\u00e3o ao programa<\/li>\n<\/ol>\n<ul>\n<li>Convite: enviar uma carta convite a todos, se apresentando, explicando o motivo do encontro, com hora e local e deixando seus dados de contatos. Entregue em todas as resid\u00eancias da rua. Dica: ao entregar, busque falar com as pessoas e fazer um convite pessoal. Isso aumenta muito a ades\u00e3o.<\/li>\n<li>Importante: os vizinhos se conhecerem \u00e9 parte fundamental do processo, pois somente sabendo um pouco da vida dos seus vizinhos \u00e9 que se poder\u00e1 identificar situa\u00e7\u00f5es suspeitas, ou seja, fora do usual, como um carro estranho estacionado ou circulando na vizinhan\u00e7a.<\/li>\n<li>Sugest\u00e3o de conte\u00fado para o primeiro encontro: os vizinhos se apresentam e falam um pouco de si; \u00e9 apresentado o conceito do Programa; s\u00e3o discutidos os pontos cr\u00edticos para melhorar a seguran\u00e7a da vizinhan\u00e7a e s\u00e3o definidas algumas quest\u00f5es de operacionaliza\u00e7\u00e3o do grupo, tais como, qual ser\u00e1 a frequ\u00eancia das reuni\u00f5es, como se dar\u00e1 a comunica\u00e7\u00e3o entre o grupo, encaminhamentos e volunt\u00e1rios para executar as a\u00e7\u00f5es.<\/li>\n<\/ul>\n<ol start=\"2\">\n<li>Comunica\u00e7\u00e3o do grupo: \u00e9 importante ter as informa\u00e7\u00f5es de contato de todas as pessoas da rua, e sugerimos montar um grupo de WhatsApp para facilitar a comunica\u00e7\u00e3o. Importante &#8211; determinar o prop\u00f3sito do grupo para evitar assuntos aleat\u00f3rios e exageros. Usualmente \u00e9 usado para alertar sobre suspeitos, marcar reuni\u00f5es, quest\u00f5es relacionadas a zeladoria (ex.: falta de ilumina\u00e7\u00e3o de rua e contato com a ILUME E ELETROPAULO) e acontecimentos que est\u00e3o relacionados ao bairro.<\/li>\n<li>Determinar quem ser\u00e1 o \u201ctutor do grupo\u201d representante neste grupo que integrar\u00e1 grupo de tutores da PM no WhatsApp.<\/li>\n<\/ol>\n<ol start=\"4\">\n<li>Cadastro do grupo junto a Pol\u00edcia Militar: deve-se cadastrar o grupo na 1<sup>a<\/sup> Cia da PM, passando os dados de contato do tutor e informa\u00e7\u00f5es sobre o grupo . Fale com o Sargento Amorim na \u00a01<sup>a<\/sup> Cia do Parque Villa-Lobos ou tire d\u00favida pelo: (11) 3034-3533<\/li>\n<\/ol>\n<ol start=\"5\">\n<li>Identifica\u00e7\u00e3o das casas com placas: a SAAP tem o modelo e um fornecedor para fazer as placas. Para encomendar, entrar em contato com a Patr\u00edcia pelo telefone (11) 3814-9206 ou pelo e-mail: <a href=\"mailto:saap@saapgestao.com.br\">saap@saapgestao.com.br<\/a> Se for uma quantidade inferior que 30, temos as placas na SAAP e o pre\u00e7o \u00e9 R$18,00\/cada.<\/li>\n<\/ol>\n\n\n<p><\/p>\n","protected":false},"excerpt":{"rendered":"<p>Vizinhan\u00e7a Solid\u00e1ria \u00e9 um programa que foi criado pela Pol\u00edcia Militar em 2009, quando foram procurados por um grupo de s\u00edndicos de pr\u00e9dios no Itaim Bibi. A ideia do programa foi de promover reuni\u00f5es peri\u00f3dicas entre vizinhos, com participa\u00e7\u00e3o de representantes da pol\u00edcia, para discutir a\u00e7\u00f5es de seguran\u00e7a. Desde ent\u00e3o, tem sido aplicado em diversas [&hellip;]<\/p>\n","protected":false},"author":1,"featured_media":0,"parent":4392,"menu_order":0,"comment_status":"closed","ping_status":"closed","template":"","meta":{"footnotes":""},"class_list":["post-4403","page","type-page","status-publish","hentry"],"_links":{"self":[{"href":"https:\/\/saapgestao.com.br\/saapold\/wp-json\/wp\/v2\/pages\/4403"}],"collection":[{"href":"https:\/\/saapgestao.com.br\/saapold\/wp-json\/wp\/v2\/pages"}],"about":[{"href":"https:\/\/saapgestao.com.br\/saapold\/wp-json\/wp\/v2\/types\/page"}],"author":[{"embeddable":true,"href":"https:\/\/saapgestao.com.br\/saapold\/wp-json\/wp\/v2\/users\/1"}],"replies":[{"embeddable":true,"href":"https:\/\/saapgestao.com.br\/saapold\/wp-json\/wp\/v2\/comments?post=4403"}],"version-history":[{"count":0,"href":"https:\/\/saapgestao.com.br\/saapold\/wp-json\/wp\/v2\/pages\/4403\/revisions"}],"up":[{"embeddable":true,"href":"https:\/\/saapgestao.com.br\/saapold\/wp-json\/wp\/v2\/pages\/4392"}],"wp:attachment":[{"href":"https:\/\/saapgestao.com.br\/saapold\/wp-json\/wp\/v2\/media?parent=4403"}],"curies":[{"name":"wp","href":"https:\/\/api.w.org\/{rel}","templated":true}]}}