
{"id":4406,"date":"2017-05-03T15:12:17","date_gmt":"2017-05-03T18:12:17","guid":{"rendered":"http:\/\/localhost\/saap\/?page_id=4406"},"modified":"2017-10-02T13:22:12","modified_gmt":"2017-10-02T16:22:12","slug":"cuide-do-seu-lixo","status":"publish","type":"page","link":"https:\/\/saapgestao.com.br\/saapold\/participe\/cuide-do-seu-lixo\/","title":{"rendered":"Cuide do seu lixo"},"content":{"rendered":"<p>&nbsp;<\/p>\n<p><img fetchpriority=\"high\" decoding=\"async\" class=\"img-responsive alignnone wp-image-4629 size-full\" src=\"http:\/\/saapgestao.com.br\/saapold\/wp-content\/uploads\/2017\/05\/5_2cuidesoseulixo.png\" alt=\"\" width=\"750\" height=\"341\" srcset=\"https:\/\/saapgestao.com.br\/saapold\/wp-content\/uploads\/2017\/05\/5_2cuidesoseulixo.png 750w, https:\/\/saapgestao.com.br\/saapold\/wp-content\/uploads\/2017\/05\/5_2cuidesoseulixo-300x136.png 300w\" sizes=\"(max-width: 750px) 100vw, 750px\" \/><\/p>\n<p>Nosso bairro sobre com os entulhos e lixos verdes deixados em pra\u00e7as e cal\u00e7adas. Ajude-nos a deixar nosso bairro limpo, saud\u00e1vel e agrad\u00e1vel. Confira <a href=\"http:\/\/localhost\/saap\/utilidades\/descarte-de-lixo\/\">aqui<\/a> as dicas de como fazer o descarte correto do seu lixo.<\/p>\n","protected":false},"excerpt":{"rendered":"<p>&nbsp; Nosso bairro sobre com os entulhos e lixos verdes deixados em pra\u00e7as e cal\u00e7adas. Ajude-nos a deixar nosso bairro limpo, saud\u00e1vel e agrad\u00e1vel. Confira aqui as dicas de como fazer o descarte correto do seu lixo.<\/p>\n","protected":false},"author":1,"featured_media":0,"parent":4392,"menu_order":0,"comment_status":"closed","ping_status":"closed","template":"","meta":{"footnotes":""},"class_list":["post-4406","page","type-page","status-publish","hentry"],"_links":{"self":[{"href":"https:\/\/saapgestao.com.br\/saapold\/wp-json\/wp\/v2\/pages\/4406"}],"collection":[{"href":"https:\/\/saapgestao.com.br\/saapold\/wp-json\/wp\/v2\/pages"}],"about":[{"href":"https:\/\/saapgestao.com.br\/saapold\/wp-json\/wp\/v2\/types\/page"}],"author":[{"embeddable":true,"href":"https:\/\/saapgestao.com.br\/saapold\/wp-json\/wp\/v2\/users\/1"}],"replies":[{"embeddable":true,"href":"https:\/\/saapgestao.com.br\/saapold\/wp-json\/wp\/v2\/comments?post=4406"}],"version-history":[{"count":0,"href":"https:\/\/saapgestao.com.br\/saapold\/wp-json\/wp\/v2\/pages\/4406\/revisions"}],"up":[{"embeddable":true,"href":"https:\/\/saapgestao.com.br\/saapold\/wp-json\/wp\/v2\/pages\/4392"}],"wp:attachment":[{"href":"https:\/\/saapgestao.com.br\/saapold\/wp-json\/wp\/v2\/media?parent=4406"}],"curies":[{"name":"wp","href":"https:\/\/api.w.org\/{rel}","templated":true}]}}