
{"id":4542,"date":"2017-09-19T14:55:06","date_gmt":"2017-09-19T17:55:06","guid":{"rendered":"https:\/\/saapgestao.com.br\/saapold\/?page_id=4542"},"modified":"2019-04-12T14:03:35","modified_gmt":"2019-04-12T17:03:35","slug":"bairro-jardim","status":"publish","type":"page","link":"https:\/\/saapgestao.com.br\/saapold\/bairro-jardim\/","title":{"rendered":"Bairro Jardim"},"content":{"rendered":"<p>Aqui reunimos os conte\u00fados do nosso site relacionados ao nosso trabalho de manter as caracter\u00edsticas urban\u00edsticas de bairro-jardim.<\/p>\n<p>Para saber sobre a hist\u00f3ria do bairro e suas caracter\u00edsticas, consulte a \u00e1rea <a href=\"https:\/\/saapgestao.com.br\/saapold\/nosso-bairro\/\">\u201cNosso Bairro\u201d<\/a><\/p>\n<p>Para conhecer nosso trabalho em a\u00e7\u00f5es e projetos espec\u00edficos visite:<\/p>\n<p>&#8211;\u00a0<a href=\"https:\/\/saapgestao.com.br\/saapold\/projetos\/adocao-de-pracas\/\">Ado\u00e7\u00e3o de Pra\u00e7as<br \/>\n<\/a>&#8211;\u00a0<a href=\"https:\/\/saapgestao.com.br\/saapold\/utilidades\/calcadas-verdes\/\">Cal\u00e7adas Verdes<br \/>\n<\/a>&#8211;\u00a0<a href=\"https:\/\/saapgestao.com.br\/saapold\/projetos\/implantacao-do-parque-por-do-sol\/\">Pra\u00e7a<\/a><a href=\"https:\/\/saapgestao.com.br\/saapold\/projetos\/implantacao-do-parque-por-do-sol\/\"> P\u00f4r do Sol<\/a><a href=\"https:\/\/saapgestao.com.br\/saapold\/projetos\/implantacao-do-parque-por-do-sol\/\"><br \/>\n<\/a>&#8211;\u00a0<a href=\"https:\/\/saapgestao.com.br\/saapold\/projetos\/plano-diretor-de-lei-do-uso-de-ocupacao-do-solo\/\">Plano Diretor e Lei do Uso e Ocupa\u00e7\u00e3o do Solo<\/a><\/p>\n<p>&#8211; <a href=\"https:\/\/saapgestao.com.br\/saapold\/utilidades\/descarte-de-lixo\/\">Descarte de lixo<\/a><\/p>\n<p>Fa\u00e7a sua parte! Veja <a href=\"https:\/\/saapgestao.com.br\/saapold\/utilidades\/como-fazer-uma-denuncia\/\">como fazer uma den\u00fancia<\/a> de mal uso ou obra irregular no bairro.<\/p>\n<ul>\n<li>\u00c9 importante sempre lembrar que a SAAP tamb\u00e9m faz parte dos conselhos dos parque Villa-Lobos, C\u00e2ndido Portinari e do CADES de Pinheiros.<\/li>\n<\/ul>\n","protected":false},"excerpt":{"rendered":"<p>Aqui reunimos os conte\u00fados do nosso site relacionados ao nosso trabalho de manter as caracter\u00edsticas urban\u00edsticas de bairro-jardim. Para saber sobre a hist\u00f3ria do bairro e suas caracter\u00edsticas, consulte a \u00e1rea \u201cNosso Bairro\u201d Para conhecer nosso trabalho em a\u00e7\u00f5es e projetos espec\u00edficos visite: &#8211;\u00a0Ado\u00e7\u00e3o de Pra\u00e7as &#8211;\u00a0Cal\u00e7adas Verdes &#8211;\u00a0Pra\u00e7a P\u00f4r do Sol &#8211;\u00a0Plano Diretor e [&hellip;]<\/p>\n","protected":false},"author":1,"featured_media":0,"parent":0,"menu_order":0,"comment_status":"closed","ping_status":"open","template":"","meta":{"footnotes":""},"class_list":["post-4542","page","type-page","status-publish","hentry"],"_links":{"self":[{"href":"https:\/\/saapgestao.com.br\/saapold\/wp-json\/wp\/v2\/pages\/4542"}],"collection":[{"href":"https:\/\/saapgestao.com.br\/saapold\/wp-json\/wp\/v2\/pages"}],"about":[{"href":"https:\/\/saapgestao.com.br\/saapold\/wp-json\/wp\/v2\/types\/page"}],"author":[{"embeddable":true,"href":"https:\/\/saapgestao.com.br\/saapold\/wp-json\/wp\/v2\/users\/1"}],"replies":[{"embeddable":true,"href":"https:\/\/saapgestao.com.br\/saapold\/wp-json\/wp\/v2\/comments?post=4542"}],"version-history":[{"count":0,"href":"https:\/\/saapgestao.com.br\/saapold\/wp-json\/wp\/v2\/pages\/4542\/revisions"}],"wp:attachment":[{"href":"https:\/\/saapgestao.com.br\/saapold\/wp-json\/wp\/v2\/media?parent=4542"}],"curies":[{"name":"wp","href":"https:\/\/api.w.org\/{rel}","templated":true}]}}