
{"id":4543,"date":"2017-09-19T15:00:04","date_gmt":"2017-09-19T18:00:04","guid":{"rendered":"https:\/\/saapgestao.com.br\/saapold\/?page_id=4543"},"modified":"2019-04-12T14:06:08","modified_gmt":"2019-04-12T17:06:08","slug":"zeladoria","status":"publish","type":"page","link":"https:\/\/saapgestao.com.br\/saapold\/zeladoria\/","title":{"rendered":"Zeladoria"},"content":{"rendered":"<p>Uma das \u00e1reas foco da SAAP \u00e9 atuar pela zeladoria do bairro. A associa\u00e7\u00e3o mant\u00e9m contato permanente com a Subprefeitura de Pinheiros e empresas prestadoras de servi\u00e7os p\u00fablicos como a ILUME, a CET e Eletropaulo para pedir e cobrar servi\u00e7os de zeladoria.<\/p>\n<p>Voc\u00ea morador, ao andar pelo bairro identifica problemas de ilumina\u00e7\u00e3o deficiente, buracos em ruas ou cal\u00e7adas, problemas com a sinaliza\u00e7\u00e3o, poda de \u00e1rvore, lixo amontoado e com\u00e9rcio ambulante.<\/p>\n<p>&nbsp;<\/p>\n<p>Pedimos ao morador que utilize o site <a href=\"https:\/\/sp156.prefeitura.sp.gov.br\/portal\/\">https:\/\/sp156.prefeitura.sp.gov.br\/portal\/<\/a> ou o telefone 156, e comunique o problema e solicita o servi\u00e7o. Essa solicita\u00e7\u00e3o gera um protocolo que pode ser enviado para a SAAP por e-mail <a href=\"mailto:saap@saapgestao.com.br\">saap@saapgestao.com.br<\/a> ou WhatsApp 97169-0954, acompanhados de fotos e v\u00eddeos, para que a SAAP possa endossar a den\u00fancia.<\/p>\n<p>&nbsp;<\/p>\n<p>Outra forma, \u00e9 n\u00e3o gerando problema, como fazer o descarte correto do nosso lixo. Veja como nestes links:<\/p>\n<p><a href=\"https:\/\/saapgestao.com.br\/saapold\/projetos\/campanha-do-lixo\/\">&#8211; Campanha do Lixo<br \/>\n<\/a><a href=\"https:\/\/saapgestao.com.br\/saapold\/utilidades\/descarte-de-lixo\/\">&#8211; Como fazer o descarte correto de lixo<\/a><\/p>\n","protected":false},"excerpt":{"rendered":"<p>Uma das \u00e1reas foco da SAAP \u00e9 atuar pela zeladoria do bairro. A associa\u00e7\u00e3o mant\u00e9m contato permanente com a Subprefeitura de Pinheiros e empresas prestadoras de servi\u00e7os p\u00fablicos como a ILUME, a CET e Eletropaulo para pedir e cobrar servi\u00e7os de zeladoria. Voc\u00ea morador, ao andar pelo bairro identifica problemas de ilumina\u00e7\u00e3o deficiente, buracos em [&hellip;]<\/p>\n","protected":false},"author":1,"featured_media":0,"parent":0,"menu_order":0,"comment_status":"closed","ping_status":"open","template":"","meta":{"footnotes":""},"class_list":["post-4543","page","type-page","status-publish","hentry"],"_links":{"self":[{"href":"https:\/\/saapgestao.com.br\/saapold\/wp-json\/wp\/v2\/pages\/4543"}],"collection":[{"href":"https:\/\/saapgestao.com.br\/saapold\/wp-json\/wp\/v2\/pages"}],"about":[{"href":"https:\/\/saapgestao.com.br\/saapold\/wp-json\/wp\/v2\/types\/page"}],"author":[{"embeddable":true,"href":"https:\/\/saapgestao.com.br\/saapold\/wp-json\/wp\/v2\/users\/1"}],"replies":[{"embeddable":true,"href":"https:\/\/saapgestao.com.br\/saapold\/wp-json\/wp\/v2\/comments?post=4543"}],"version-history":[{"count":0,"href":"https:\/\/saapgestao.com.br\/saapold\/wp-json\/wp\/v2\/pages\/4543\/revisions"}],"wp:attachment":[{"href":"https:\/\/saapgestao.com.br\/saapold\/wp-json\/wp\/v2\/media?parent=4543"}],"curies":[{"name":"wp","href":"https:\/\/api.w.org\/{rel}","templated":true}]}}