
{"id":4551,"date":"2017-09-19T15:13:23","date_gmt":"2017-09-19T18:13:23","guid":{"rendered":"https:\/\/saapgestao.com.br\/saapold\/?page_id=4551"},"modified":"2018-03-08T22:04:27","modified_gmt":"2018-03-09T01:04:27","slug":"noticias","status":"publish","type":"page","link":"https:\/\/saapgestao.com.br\/saapold\/noticias\/","title":{"rendered":"Not\u00edcias"},"content":{"rendered":"<p>A SAAP buscar levar \u00e0 popula\u00e7\u00e3o informa\u00e7\u00f5es sobre nossos projetos, temas relacionados ao nosso territ\u00f3rio de atua\u00e7\u00e3o e de interesse de todos.<\/p>\n<p><b>Releases:\u00a0<\/b><a href=\"https:\/\/saapgestao.com.br\/saapold\/noticias\/release-de-imprensa\/\">Consulte aqui<\/a> os releases preparados pela SAAP<\/p>\n<p><b>SAAP na m\u00eddia:<\/b>\u00a0<a href=\"https:\/\/saapgestao.com.br\/saapold\/noticias\/saap-na-midia\/\">Veja aqui<\/a> as not\u00edcias nas quais a SAAP apareceu<\/p>\n<p><b>Alto de Pinheiros em Foco<\/b>:\u00a0<a href=\"https:\/\/saapgestao.com.br\/saapold\/noticias\/alto-de-pinheiros-em-foco\/\">Leia aqui<\/a> o boletim impresso da SAAP<\/p>\n<p><b>Boletim Eletr\u00f4nico<\/b>: <a href=\"https:\/\/saapgestao.com.br\/saapold\/noticias\/boletim-eletronico\/\">Confira<\/a> nossos boletins mensais enviados por e-mail.<\/p>\n","protected":false},"excerpt":{"rendered":"<p>A SAAP buscar levar \u00e0 popula\u00e7\u00e3o informa\u00e7\u00f5es sobre nossos projetos, temas relacionados ao nosso territ\u00f3rio de atua\u00e7\u00e3o e de interesse de todos. Releases:\u00a0Consulte aqui os releases preparados pela SAAP SAAP na m\u00eddia:\u00a0Veja aqui as not\u00edcias nas quais a SAAP apareceu Alto de Pinheiros em Foco:\u00a0Leia aqui o boletim impresso da SAAP Boletim Eletr\u00f4nico: Confira nossos [&hellip;]<\/p>\n","protected":false},"author":1,"featured_media":0,"parent":0,"menu_order":0,"comment_status":"closed","ping_status":"open","template":"","meta":{"footnotes":""},"class_list":["post-4551","page","type-page","status-publish","hentry"],"_links":{"self":[{"href":"https:\/\/saapgestao.com.br\/saapold\/wp-json\/wp\/v2\/pages\/4551"}],"collection":[{"href":"https:\/\/saapgestao.com.br\/saapold\/wp-json\/wp\/v2\/pages"}],"about":[{"href":"https:\/\/saapgestao.com.br\/saapold\/wp-json\/wp\/v2\/types\/page"}],"author":[{"embeddable":true,"href":"https:\/\/saapgestao.com.br\/saapold\/wp-json\/wp\/v2\/users\/1"}],"replies":[{"embeddable":true,"href":"https:\/\/saapgestao.com.br\/saapold\/wp-json\/wp\/v2\/comments?post=4551"}],"version-history":[{"count":0,"href":"https:\/\/saapgestao.com.br\/saapold\/wp-json\/wp\/v2\/pages\/4551\/revisions"}],"wp:attachment":[{"href":"https:\/\/saapgestao.com.br\/saapold\/wp-json\/wp\/v2\/media?parent=4551"}],"curies":[{"name":"wp","href":"https:\/\/api.w.org\/{rel}","templated":true}]}}