
{"id":4557,"date":"2017-09-19T15:17:48","date_gmt":"2017-09-19T18:17:48","guid":{"rendered":"https:\/\/saapgestao.com.br\/saapold\/?page_id=4557"},"modified":"2022-05-10T15:24:42","modified_gmt":"2022-05-10T18:24:42","slug":"saap-na-midia","status":"publish","type":"page","link":"https:\/\/saapgestao.com.br\/saapold\/noticias\/saap-na-midia\/","title":{"rendered":"SAAP na M\u00eddia"},"content":{"rendered":"<p>01\/05\/2022 &#8211;\u00a0<strong>Revista Mais\/AP \u2013 Maio\/2022<\/strong> &#8211; <a href=\"http:\/\/saapgestao.com.br\/saapold\/wp-content\/uploads\/2022\/05\/SAAP-Revista-AClube-AP-saap-02-2021revistamaisap-156-site3.pdf\">Lar, doce lar<\/a><\/p>\n<p>23\/04\/2022 &#8211; <strong>Band &#8211; Olhar de rep\u00f3rter<\/strong> &#8211; <a href=\"https:\/\/www.band.uol.com.br\/noticias\/olhar-de-reporter\/videos\/olhar-de-reporter-23-04-2022-programa-completo-17048134\">Subprefeitura de Pinheiros<\/a><\/p>\n<p>31\/03\/2022 &#8211; <strong>Gazeta de Pinheiros<\/strong> &#8211;\u00a0<a href=\"https:\/\/gazetadepinheiros.com.br\/noticia\/2730\/-saap-explica-como-as-calcadas-devem-ser-adequadas-em-reformas\">SAAP explica como as cal\u00e7adas devem ser adequadas em reformas<\/a><\/p>\n<p>14\/08\/2021 &#8211; <strong>Veja SP<\/strong> &#8211;\u00a0<a href=\"https:\/\/vejasp.abril.com.br\/cidades\/praca-por-do-sol-reabre-pinheiros-horario-segurancas\/\">Pra\u00e7a P\u00f4r do Sol reabre com hor\u00e1rio de funcionamento e seguran\u00e7as nas entradas<\/a><\/p>\n<p>16\/07\/2021 &#8211; <strong>Gazeta de Pinheiros &#8211;\u00a0<\/strong><a href=\"https:\/\/gazetadepinheiros.com.br\/noticia\/2150\/saap-divulga-maneiras-corretas-de-descarte-de-lixo\">SAAP divulga maneiras corretas de descarte de lixo<\/a><\/p>\n<p>08\/06\/2021 &#8211; <strong>C\u00e2mara Municipal de SP &#8211;\u00a0<\/strong><a href=\"https:\/\/www.saopaulo.sp.leg.br\/blog\/cercamento-da-praca-do-por-do-sol-e-discutido-em-audiencia-publica\/\">Cercamento da Pra\u00e7a do P\u00f4r do Sol \u00e9 discutido em audi\u00eancia p\u00fablica<\/a><\/p>\n<p>04\/03\/2021 &#8211; <strong>Gazeta de Pinheiros<\/strong> &#8211;\u00a0<a href=\"https:\/\/gazetadepinheiros.com.br\/noticia\/1801\/saap-divulga-acoes-de-2020-e-projeta-este-ano\">SAAP divulga a\u00e7\u00f5es de 2020 e projeta este ano<\/a><\/p>\n<p>11\/02\/2021 &#8211; <strong>Gazeta de Pinheiros<\/strong> &#8211;\u00a0<a href=\"https:\/\/gazetadepinheiros.com.br\/noticia\/1735\/praca-por-do-sol-deve-receber-cercamento-definitivo-ela-continua-fechada-apesar-dos-protestos-da-comunidade\">Pra\u00e7a P\u00f4r do Sol deve receber cercamento definitivo. Ela continua fechada apesar dos protestos da comunidade<\/a><\/p>\n<p>06\/02\/2021 &#8211; <strong>BandNews FM<\/strong> &#8211;\u00a0<a href=\"https:\/\/www.band.uol.com.br\/noticias\/tapumes-instalados-na-praca-do-por-do-sol-devem-ser-substituidos-por-grades-16323573\">Tapumes instalados na Pra\u00e7a do P\u00f4r do Sol devem ser substitu\u00eddos por grades<\/a><\/p>\n<p>05\/02\/2021 &#8211; <strong>Veja SP<\/strong> &#8211;\u00a0<a href=\"https:\/\/vejasp.abril.com.br\/cidades\/prefeitura-praca-do-por-do-sol-cercada\/\">Associa\u00e7\u00f5es pedem e prefeitura acata: Pra\u00e7a do P\u00f4r do Sol come\u00e7a a ser cercada<\/a><\/p>\n<p>04\/02\/2021 &#8211; <strong>CBN<\/strong> &#8211;\u00a0<a href=\"https:\/\/cbn.globoradio.globo.com\/media\/audio\/330918\/praca-por-do-sol-sera-cercada-em-definitivo.htm\">Pra\u00e7a P\u00f4r do Sol ser\u00e1 cercada em definitivo<\/a><\/p>\n<p>04\/02\/2021 &#8211; <strong>Portal R7<\/strong> &#8211;\u00a0<a href=\"https:\/\/noticias.r7.com\/sao-paulo\/prefeitura-de-sp-cercara-praca-por-do-sol-com-alambrados-04022021\">Prefeitura de SP cercar\u00e1 Pra\u00e7a P\u00f4r do Sol com alambrados<\/a><\/p>\n<p>04\/02\/2021 &#8211; <strong>Isto \u00c9<\/strong> &#8211;\u00a0<a href=\"https:\/\/www.istoedinheiro.com.br\/por-r-652-mil-prefeitura-cerca-praca-por-do-sol-apos-pedido-de-associacoes\/\">Por R$ 652 mil, Prefeitura cerca Pra\u00e7a P\u00f4r do Sol ap\u00f3s pedido de associa\u00e7\u00f5es<\/a><\/p>\n<p>04\/02\/2021 &#8211; <strong>Portal G1<\/strong> &#8211;\u00a0<a href=\"https:\/\/g1.globo.com\/sp\/sao-paulo\/noticia\/2021\/02\/04\/praca-do-por-do-sol-na-zona-oeste-de-sp-e-cercada-por-grades-apos-pedido-de-moradores.ghtml\">Pra\u00e7a do P\u00f4r do Sol, na Zona Oeste de SP, ser\u00e1 cercada por grades ap\u00f3s pedido de moradores<\/a><\/p>\n<p>14\/12\/2020 &#8211; <strong>Gazeta de Pinheiros<\/strong> &#8211;\u00a0<a href=\"https:\/\/gazetadepinheiros.com.br\/noticia\/1627\/morcego-raivoso-e-encontrado-na-regiao-de-pinheiros\">Morcego raivoso \u00e9 encontrado na regi\u00e3o de Pinheiros<\/a><\/p>\n<p>19\/10\/2020 &#8211; <strong>Portal Terra &#8211;\u00a0<\/strong><a href=\"https:\/\/www.terra.com.br\/noticias\/brasil\/cidades\/roda-gigante-em-sp-divide-moradores-projetos-do-tipo-se-espalham-pelo-brasil,d623706bc2ebd83526f5952efe4075afvim81wkf.html\">Roda-gigante em SP divide moradores; projetos do tipo se espalham pelo Brasil<\/a><\/p>\n<p>10\/07\/2020 &#8211; <strong>Gazeta de Pinheiros &#8211; <a href=\"https:\/\/www.gazetadepinheiros.com.br\/2020\/07\/10\/mais-cameras-de-vigilancia-para-o-alto-dos-pinheiros\/\">Mais c\u00e2meras de vigil\u00e2ncia para o Alto dos Pinheiros<\/a><\/strong><\/p>\n<p>27\/05\/2019 &#8211; <strong>Veja<\/strong> &#8211; <strong><a href=\"https:\/\/vejasp.abril.com.br\/cidades\/em-sp-praca-do-por-do-sol-passa-por-obras-de-recuperacao\/\">Em SP, Pra\u00e7a do P\u00f4r do Sol passa por obras de recupera\u00e7\u00e3o<\/a><\/strong><\/p>\n<p>27\/05\/2019 &#8211; <strong>Isto\u00e9<\/strong> &#8211;\u00a0<strong><a href=\"https:\/\/istoe.com.br\/em-sp-praca-do-por-do-sol-passa-por-obras-de-requalificacao\/\">Em SP, Pra\u00e7a do P\u00f4r do Sol passa por obras de requalifica\u00e7\u00e3o<\/a><\/strong><\/p>\n<p>27\/05\/2019 &#8211; <strong>Metro<\/strong> &#8211;<a href=\"https:\/\/www.metrojornal.com.br\/foco\/2019\/05\/27\/praca-por-do-sol-reformas-pinheiros.html\">\u00a0<strong>Pra\u00e7a do P\u00f4r do Sol recebe reformas em Pinheiros<\/strong><\/a><\/p>\n<p>27\/05\/2019 &#8211; <strong>Di\u00e1rio do Jaragu\u00e1<\/strong> &#8211;\u00a0<strong><a href=\"https:\/\/www.diariodajaragua.com.br\/geral\/em-sp-praca-do-por-do-sol-passa-por-obras-de-requalificacao\/452329\/\">Em SP, Pra\u00e7a do P\u00f4r do Sol passa por obras de requalifica\u00e7\u00e3o<\/a><\/strong><\/p>\n<p>26\/05\/2019 &#8211; <strong>Estad\u00e3o<\/strong> &#8211;\u00a0<strong><a href=\"https:\/\/sao-paulo.estadao.com.br\/noticias\/geral,prefeitura-entrega-1-etapa-das-obras-de-requalificacao-da-praca-do-por-do-sol,70002844220\">Prefeitura entrega 1\u00aa etapa das obras de requalifica\u00e7\u00e3o da Pra\u00e7a do P\u00f4r do Sol<\/a><\/strong><\/p>\n<p>14\/12\/2018 &#8211;\u00a0<strong>Gazeta de Pinheiros:\u00a0<a href=\"https:\/\/gazetadepinheiros.com.br\/2018\/12\/14\/prefeitura-insiste-e-vai-instalar-casa-de-acolhimento-no-alto-de-pinheiros%EF%BB%BF\/\">Prefeitura insiste e vai instalar Casa de Acolhimento no Alto de Pinheiros\u00a0<\/a><\/strong><\/p>\n<p>02\/08\/2018 &#8211;\u00a0<strong>Estad\u00e3o:\u00a0<a href=\"https:\/\/sao-paulo.estadao.com.br\/noticias\/geral,mosquitos-perturbam-zona-oeste-de-sp,70002426297\">Mosquitos perturbam zona oeste de SP<\/a><\/strong><\/p>\n<p>17\/05\/2018 &#8211; <strong>Gazeta de Pinheiros:\u00a0<a href=\"https:\/\/dev.pergolapropaganda.com.br\/gazeta\/2018\/05\/17\/tasca-recebe-prefeita-regional\/\">Tasca recebe prefeita regional<\/a><\/strong><\/p>\n<p>01\/04\/2018 &#8211; <strong>Revista\u00a0Digital Security:\u00a0<a href=\"https:\/\/revistadigitalsecurity.com.br\/case-study-um-ano-de-city-camera-a-evolucao-tecnologias-e-resultados-do-programa\/\">CASE STUDY Um ano de City C\u00e2mera: a evolu\u00e7\u00e3o, tecnologias e resultados do programa<\/a><\/strong><br \/>\n<strong> regional<\/strong><\/p>\n<p>07\/02\/2018 &#8211; <strong>TV Assembl\u00e9ia SP: <a href=\"https:\/\/www.youtube.com\/watch?v=qsyNdEHhfyc\" target=\"_blank\" rel=\"noopener noreferrer\">Em discuss\u00e3o Seguran\u00e7a: Convenio da SAAP com seguran\u00e7a publica.<\/a><\/strong><\/p>\n<p>06\/02\/2018 &#8211; <strong>Deputado Coronel Camilo: <a href=\"https:\/\/www.youtube.com\/watch?v=-KuQub8soF4&amp;app=desktop\" target=\"_blank\" rel=\"noopener noreferrer\">Alto dos Pinheiros firma parceria e avan\u00e7a na seguran\u00e7a.<\/a><\/strong><\/p>\n<p>31\/01\/2018 &#8211; <strong>Secretaria Seguran\u00e7a Publica: <a href=\"http:\/\/www.ssp.sp.gov.br\/LeNoticia.aspx?ID=41930\" target=\"_blank\" rel=\"noopener noreferrer\">SSP e associa\u00e7\u00e3o de moradores firmam acordo para integrar c\u00e2meras ao Detecta.<\/a><\/strong><\/p>\n<p>29\/09\/2017 &#8211;\u00a0<strong>Morumbi News:\u00a0<a href=\"http:\/\/morumbinews.com.br\/cidades\/-por-do-sol-volta-a-ser-praca-mas-moradores-querem-seguranca-29-09-2017-htm\">P\u00f4r do Sol volta a ser pra\u00e7a, mas moradores querem seguran\u00e7a.<\/a><\/strong><\/p>\n<p>22\/09\/2017 &#8211; <strong>Estad\u00e3o: <a href=\"http:\/\/sao-paulo.estadao.com.br\/noticias\/geral,crimes-aumentam-na-regiao-do-alto-de-pinheiros-onde-estudante-foi-baleado,70002011357\" target=\"_blank\" rel=\"noopener noreferrer\">Crimes aumentam na regi\u00e3o do Alto dos Pinheiros onde estudante foi baleado.<\/a><\/strong><\/p>\n<p>20\/09\/2017 &#8211; <strong>Folha de S\u00e3o Paulo: <a href=\"http:\/\/m.folha.uol.com.br\/amp\/cotidiano\/2017\/09\/1920088-jovem-e-baleado-durante-roubo-proximo-a-praca-do-por-do-sol-em-sp.shtml\" target=\"_blank\" rel=\"noopener noreferrer\">Jovem \u00e9 baleado durante roubo pr\u00f3ximo \u00e0 Pra\u00e7a Por do Sol em SP.<\/a><\/strong><\/p>\n<p>13\/08\/2017\u00a0 &#8211; <strong>Folha de S\u00e3o Paulo: <a href=\"http:\/\/www1.folha.uol.com.br\/saopaulo\/2017\/08\/1909205-vagos-ou-encalhados-casaroes-em-areas-nobres-de-sao-paulo-esperam-por-algum-uso.shtml\" target=\"_blank\" rel=\"noopener noreferrer\">Vagos ou encalhados, casar\u00f5es em \u00e1reas nobres de S\u00e3o Paulo esperam por algum uso.<\/a><\/strong><\/p>\n<p>10\/01\/2017 &#8211; <strong>Balan\u00e7o Geral SP &#8211; <a href=\"https:\/\/noticias.r7.com\/balanco-geral\/videos\/infestacao-de-mosquitos-incomoda-moradores-da-zona-oeste-de-sp-10012017\" target=\"_blank\" rel=\"noopener noreferrer\">TV Record: Infesta\u00e7\u00e3o de mosquitos incomoda moradores da zona Oeste.<\/a><\/strong><\/p>\n<p>15\/11\/2016 &#8211; <strong>Veja S\u00e3o Paulo: <a href=\"https:\/\/vejasp.abril.com.br\/cidades\/superlua-praca-do-por-do-sol\/\" target=\"_blank\" rel=\"noopener noreferrer\">Ap\u00f3s Superlua, Pra\u00e7a Por do Sol amanhece suja e depredada.<\/a><\/strong><\/p>\n<p>30\/08\/2016 &#8211; <strong>SP no Ar &#8211; Tv Record: <a href=\"https:\/\/noticias.r7.com\/sp-no-ar\/videos\/moradores-do-alto-de-pinheiros-reclamam-do-descaso-na-praca-por-do-sol-30082016\" target=\"_blank\" rel=\"noopener noreferrer\">Moradores do Alto dos Pinheiros reclamam do descaso na Pra\u00e7a Por do Sol.\u00a0<\/a><\/strong><\/p>\n<p>14\/08\/2016 &#8211; <strong>G1 &#8211; Globo.com: <a href=\"http:\/\/g1.globo.com\/sao-paulo\/noticia\/2016\/08\/um-ano-apos-decreto-praca-do-por-do-sol-nao-vira-parque-e-acumula-lixo.html\" target=\"_blank\" rel=\"noopener noreferrer\">Um ano ap\u00f3s decreto Pra\u00e7a Por do Sol n\u00e3o vira parque e acumula lixo.<\/a>\u00a0\u00a0<\/strong><\/p>\n<p>31\/07\/2016 &#8211;\u00a0<b>Rep\u00f3rter\u00a0Eco &#8211; TV cultura: <\/b><a style=\"font-weight: bold;\" href=\"https:\/\/www.youtube.com\/watch?v=OhuEiCi3sTQ\" target=\"_blank\" rel=\"noopener noreferrer\">Reduzir a radia\u00e7\u00e3o das Linhas de Alta tens\u00e3o.\u00a0<\/a><\/p>\n<p>08\/06\/2016 &#8211; <strong>CBN:\u00a0<a href=\"http:\/\/cbn.globoradio.globo.com\/grandescoberturas\/seu-bairro-nossa-cidade-sp\/2016\/06\/08\/FALTA-DE-CORTE-DE-ARVORES-PREOCUPA-MORADORES-DE-ALTO-DE-PINHEIROS.htm\" target=\"_blank\" rel=\"noopener noreferrer\">Falta de corte de \u00e1rvores preocupa moradores do Alto dos Pinheiros.\u00a0<\/a><\/strong><\/p>\n<p>07\/06\/2016 &#8211; <strong>Estad\u00e3o: <a href=\"http:\/\/sao-paulo.estadao.com.br\/blogs\/blitz-radio-estadao\/a-beleza-e-o-abandono-da-praca-por-do-sol\/\" target=\"_blank\" rel=\"noopener noreferrer\">A Beleza e o abandono da pra\u00e7a Por do Sol.<\/a><\/strong><\/p>\n<p>26\/05\/2016\u00a0\u2013\u00a0<strong>Veja S\u00e3o Paulo:\u00a0<a href=\"http:\/\/vejasp.abril.com.br\/materia\/manifestacoes-casa-temer-vizinhos\">Manifesta\u00e7\u00f5es na casa de Michel Temer afetam moradores do Alto de Pinheiros<\/a><\/strong><\/p>\n<p>23\/05\/2016\u00a0\u2013\u00a0<strong>Folha:\u00a0<a href=\"http:\/\/www1.folha.uol.com.br\/poder\/2016\/05\/1774324-governo-lamenta-falha-em-aviso-sobre-bloqueio-em-bairro-de-temer-em-sp.shtml\">Governo pede desculpas por falha em aviso de bloqueio em bairro de Temer<\/a><\/strong><\/p>\n<p>12\/05\/2016\u00a0\u2013\u00a0<strong>Gazeta de Pinheiros:\u00a0<a href=\"http:\/\/gazetadepinheiros.com.br\/cidades\/alto-de-pinheiros-tem-passeio-ciclistico-12-05-2016-htm\">Alto de Pinheiros tem passeio cicl\u00edstico<\/a><\/strong><\/p>\n<p>23\/02\/2016 \u2013\u00a0<strong>Jornal da Cultura:\u00a0<a href=\"http:\/\/tvcultura.com.br\/videos\/51970_jornal-da-cultura-23-02-2016.html\">Combate ao\u00a0<em>Aedes aegypit<\/em><\/a><\/strong><\/p>\n<p>20\/02\/2016 &#8211;<b> Estad\u00e3o: <a href=\"http:\/\/sao-paulo.estadao.com.br\/noticias\/geral,fiscais-do-aedes-compram-briga-para-nao-deixar-agua-parada-no-bairro,10000017456\" target=\"_blank\" rel=\"noopener noreferrer\">&#8220;Fiscais do Aedes&#8221; compram briga contra a \u00e1gua\u00a0parada no bairro<\/a><\/b><\/p>\n<p>23\/10\/2015 \u2013\u00a0<strong>Estad\u00e3o:\u00a0<\/strong><a href=\"https:\/\/saapblog.files.wordpress.com\/2015\/10\/estadc3a3o_23out2015.jpg\">Zoneamento em Pinheiros causa bate-boca<\/a><\/p>\n<p>21\/10\/2015 \u2013\u00a0<strong>Gazeta de Pinheiros:\u00a0<\/strong><a href=\"http:\/\/gazetadepinheiros.com.br\/cidades\/saap-lanca-livro-sobre-alto-de-pinheiros-21-10-2015-htm\">SAAP lan\u00e7a livro sobre Alto de Pinheiros<\/a><\/p>\n<p>07\/10\/2015 \u2013\u00a0<strong>Gazeta de Pinheiros:\u00a0<\/strong><a href=\"http:\/\/gazetadepinheiros.com.br\/cidades\/praca-do-por-do-sol-tera-status-de-parque-municipal-02-10-2015-htm\" target=\"_blank\" rel=\"noopener noreferrer\">Pra\u00e7a do P\u00f4r do Sol ter\u00e1 status de parque municipal<\/a><\/p>\n<p>07\/10\/2015 \u2013\u00a0<strong>SPTV, TV GLOBO:\u00a0<\/strong><a href=\"http:\/\/globotv.globo.com\/rede-globo\/sptv-1a-edicao\/v\/sem-teto-ocupam-predio-do-antigo-hospital-panamericano-em-pinheiros\/4521076\/\">Sem teto ocupam pr\u00e9dio do antigo Hospital Panamericano em Pinheiros<\/a><\/p>\n<p>07\/10\/2015 \u2013\u00a0<strong>G1:\u00a0<\/strong><a href=\"http:\/\/g1.globo.com\/sao-paulo\/noticia\/2015\/10\/reforma-do-hospital-panamericano-nao-tem-data-para-comecar.html\">Reforma do Hospital Panamericano n\u00e3o tem data para come\u00e7ar<\/a><\/p>\n<p>05\/10\/2015 \u2013\u00a0<strong>Bandnews:\u00a0<\/strong><a href=\"http:\/\/bandnewstv.band.uol.com.br\/videos\/ultimos-videos\/15633509\/antigo-hospital-panamericano-sera-desocupado.htm\">Antigo Hospital Panamericano ser\u00e1\u00a0<\/a><a href=\"http:\/\/bandnewstv.band.uol.com.br\/videos\/ultimos-videos\/15633509\/antigo-hospital-panamericano-sera-desocupado.htm\">desocupado<\/a><\/p>\n<p>01\/10\/2015 \u2013\u00a0<strong>Revista Alfa Realty:\u00a0<\/strong><a href=\"http:\/\/www.alfarealty.com.br\/_up\/press\/pdf\/rev_alfarealty_ed1.pdf\">Entrevista com Maria Helena Bueno, A primeira-dama do Alto de Pinheiros<\/a><\/p>\n<p>23\/09\/2015 \u2013\u00a0<strong>Jornal,\u00a0Record:\u00a0<\/strong><a href=\"http:\/\/noticias.r7.com\/sp-no-ar\/videos\/linhas-de-transmissao-de-energia-podem-trazer-danos-a-saude-de-moradores-proximos-23092015\">Linhas de transmiss\u00e3o de energia podem trazer danos \u00e0 sa\u00fade de moradores pr\u00f3ximos<\/a><\/p>\n<p>22\/09\/2015 \u2013\u00a0<strong>Gazeta de Pinheiros:\u00a0<\/strong><a href=\"http:\/\/gazetadepinheiros.com.br\/cidades\/zoneamento-tem-audiencia-tumultuada-em-pinheiros-22-09-2015-htm\">Zoneamento tem audi\u00eancia tumultuada em Pinheiros<\/a><\/p>\n<p>26\/03\/2015 \u2013\u00a0<strong>Gazeta de Pinheiros:\u00a0<\/strong><a href=\"http:\/\/gazetadepinheiros.com.br\/cidades\/associacoes-agradecem-a-angelo-filardo-26-03-2015-htm\">Associa\u00e7\u00f5es agradecem a \u00c2ngelo Filardo<\/a><\/p>\n<p>08\/03\/2015 \u2013\u00a0<strong>Estad\u00e3o:\u00a0<\/strong><a href=\"http:\/\/sao-paulo.estadao.com.br\/noticias\/geral,projeto-desconfigura-ruas-residenciais-imp-,1646616\">Projeto desconfigura ruas residenciais<\/a><\/p>\n<p>25\/07\/2014 \u2013\u00a0<strong>Gazeta de Pinheiros:\u00a0<\/strong><a href=\"http:\/\/gazetadepinheiros.com.br\/cidades\/moradores-querem-transformar-praca-do-por-do-sol-em-parque-25-07-2014-htm\">Moradores querem transformar pra\u00e7a do P\u00f4r do Sol em parque<\/a><\/p>\n<p>18\/07\/2014 \u2013\u00a0<strong>Veja S\u00e3o Paulo:<\/strong>\u00a0<a href=\"http:\/\/vejasp.abril.com.br\/materia\/projeto-transformar-praca-por-do-sol-parque\/\">Projeto quer transformar a Pra\u00e7a do P\u00f4r do Sol em parque<\/a><\/p>\n<p>28\/06\/2014 \u2013\u00a0<strong>Estad\u00e3o:\u00a0<\/strong><a href=\"http:\/\/sao-paulo.estadao.com.br\/noticias\/geral,pressao-de-moradores-retira-do-plano-diretor-moradia-popular-em-area-nobre,1520382\">Press\u00e3o de moradores retira do Plano Diretor moradia popular em \u00e1rea nobre<\/a><\/p>\n<p>23\/05\/2014 \u2013\u00a0<strong>Gazeta de Pinheiros:\u00a0<\/strong><a href=\"http:\/\/gazetadepinheiros.com.br\/cidades\/saap-promove-palestra-sobre-seguranca-23-05-2014-htm\">SAAP promove palestra sobre seguran\u00e7a<\/a><\/p>\n<p>11\/03\/2014 \u2013\u00a0<strong>Estad\u00e3o:\u00a0<\/strong><a href=\"http:\/\/sao-paulo.estadao.com.br\/noticias\/geral,conselheira-do-parque-villa-lobos-teme-rolezinhos,1139553\">Conselheira do Parque Villa-Lobos teme \u2018rolezinhos\u2019<\/a><\/p>\n<p>04\/03\/2013 \u2013\u00a0<strong>Veja:\u00a0<\/strong><a href=\"http:\/\/veja.abril.com.br\/noticia\/brasil\/seguranca-de-temer-monta-qg-em-area-residencial\/\">Seguran\u00e7a de Temer ignora lei e monta \u2018QG\u2019 em \u00e1rea residencial de SP<\/a><\/p>\n<p>12\/01\/2013 \u2013\u00a0<strong>Folha de S\u00e3o Paulo:\u00a0<\/strong><a href=\"http:\/\/acervo.folha.com.br\/fsp\/2013\/01\/12\/15\/\">Moradores do Alto de Pinheiros\u00a0enfrentam Eletropaulo no STF<\/a><\/p>\n<p>06\/04\/2007 \u2013\u00a0<strong>Revista Zap Im\u00f3veis:\u00a0<\/strong><a href=\"http:\/\/revista.zapimoveis.com.br\/unidos-pela-preservacao-do-verde\/\">Unidos pela preserva\u00e7\u00e3o do verde<\/a><\/p>\n","protected":false},"excerpt":{"rendered":"<p>01\/05\/2022 &#8211;\u00a0Revista Mais\/AP \u2013 Maio\/2022 &#8211; Lar, doce lar 23\/04\/2022 &#8211; Band &#8211; Olhar de rep\u00f3rter &#8211; Subprefeitura de Pinheiros 31\/03\/2022 &#8211; Gazeta de Pinheiros &#8211;\u00a0SAAP explica como as cal\u00e7adas devem ser adequadas em reformas 14\/08\/2021 &#8211; Veja SP &#8211;\u00a0Pra\u00e7a P\u00f4r do Sol reabre com hor\u00e1rio de funcionamento e seguran\u00e7as nas entradas 16\/07\/2021 &#8211; Gazeta [&hellip;]<\/p>\n","protected":false},"author":1,"featured_media":0,"parent":4551,"menu_order":0,"comment_status":"closed","ping_status":"closed","template":"","meta":{"footnotes":""},"class_list":["post-4557","page","type-page","status-publish","hentry"],"_links":{"self":[{"href":"https:\/\/saapgestao.com.br\/saapold\/wp-json\/wp\/v2\/pages\/4557"}],"collection":[{"href":"https:\/\/saapgestao.com.br\/saapold\/wp-json\/wp\/v2\/pages"}],"about":[{"href":"https:\/\/saapgestao.com.br\/saapold\/wp-json\/wp\/v2\/types\/page"}],"author":[{"embeddable":true,"href":"https:\/\/saapgestao.com.br\/saapold\/wp-json\/wp\/v2\/users\/1"}],"replies":[{"embeddable":true,"href":"https:\/\/saapgestao.com.br\/saapold\/wp-json\/wp\/v2\/comments?post=4557"}],"version-history":[{"count":0,"href":"https:\/\/saapgestao.com.br\/saapold\/wp-json\/wp\/v2\/pages\/4557\/revisions"}],"up":[{"embeddable":true,"href":"https:\/\/saapgestao.com.br\/saapold\/wp-json\/wp\/v2\/pages\/4551"}],"wp:attachment":[{"href":"https:\/\/saapgestao.com.br\/saapold\/wp-json\/wp\/v2\/media?parent=4557"}],"curies":[{"name":"wp","href":"https:\/\/api.w.org\/{rel}","templated":true}]}}