
{"id":4931,"date":"2018-03-19T11:07:37","date_gmt":"2018-03-19T14:07:37","guid":{"rendered":"https:\/\/saapgestao.com.br\/saapold\/?page_id=4931"},"modified":"2018-06-27T10:35:46","modified_gmt":"2018-06-27T13:35:46","slug":"vigia-de-rua-duvidas","status":"publish","type":"page","link":"https:\/\/saapgestao.com.br\/saapold\/vigia-de-rua-duvidas\/","title":{"rendered":"Vigia de Rua: D\u00favidas"},"content":{"rendered":"<h1><\/h1>\n<p>A SAAP est\u00e1 sempre preocupada em promover a\u00e7\u00f5es em prol da melhoria da seguran\u00e7a p\u00fablica do Alto dos Pinheiros. Entre 2016 e 2017, ao promover uma serie de conversas e reuni\u00f5es entre os moradores e as autoridades das pol\u00edcias locais, surgiam diversas d\u00favidas sobre a situa\u00e7\u00e3o do vigia, desde questionamentos sobre a legalidade da profiss\u00e3o at\u00e9 pedidos de orienta\u00e7\u00e3o sobre as responsabilidades trabalhistas e legais de se contratar uma pessoa nesta fun\u00e7\u00e3o.<\/p>\n<p>Assim, respondendo a demanda dos moradores, a SAAP contratou os servi\u00e7os o escrit\u00f3rio de advocacia Saavedra &amp; Gottschefsky Advogados Associados para produzir um parecer jur\u00eddico sobre o assunto e esta cartilha.<\/p>\n<p>Esperamos que ajude a esclarecer sua d\u00favida sobre o assunto e que contribua para uma bairro e uma S\u00e3o Paulo mais segura.<\/p>\n<p>&nbsp;<\/p>\n<p>Abaixo est\u00e3o os links para os materiais produzidos.<\/p>\n<ul>\n<li><a href=\"http:\/\/saapgestao.com.br\/saapold\/wp-content\/uploads\/2018\/04\/CARTILHA-SOBRE-OS-VIGIAS-DE-RUA-SAAP.pdf\">Cartilha sobre Vigia de Rua<\/a><\/li>\n<li><a href=\"http:\/\/saapgestao.com.br\/saapold\/wp-content\/uploads\/2018\/03\/Modelo-Contrato-de-Vigia-de-Rua-1.docx\">Modelo\u00a0Contrato de Vigia de Rua<\/a><\/li>\n<li><a href=\"http:\/\/saapgestao.com.br\/saapold\/wp-content\/uploads\/2018\/03\/Modelo-de-Recibo-para-Vigia.doc\">Modelo de Recibo para Vigia<\/a><\/li>\n<li><a href=\"http:\/\/saapgestao.com.br\/saapold\/wp-content\/uploads\/2018\/03\/Parecer-SAAP-Vigias-de-rua.pdf\">Parecer \u2013 SAAP \u2013 Vigias de rua<\/a><\/li>\n<\/ul>\n<p>&nbsp;<\/p>\n<h1>\u00a0<img fetchpriority=\"high\" decoding=\"async\" class=\"alignnone size-medium wp-image-5071\" src=\"http:\/\/saapgestao.com.br\/saapold\/wp-content\/uploads\/2018\/03\/capa-cartilha-282x300.jpg\" alt=\"\" width=\"282\" height=\"300\" srcset=\"https:\/\/saapgestao.com.br\/saapold\/wp-content\/uploads\/2018\/03\/capa-cartilha-282x300.jpg 282w, https:\/\/saapgestao.com.br\/saapold\/wp-content\/uploads\/2018\/03\/capa-cartilha.jpg 721w\" sizes=\"(max-width: 282px) 100vw, 282px\" \/><\/h1>\n","protected":false},"excerpt":{"rendered":"<p>A SAAP est\u00e1 sempre preocupada em promover a\u00e7\u00f5es em prol da melhoria da seguran\u00e7a p\u00fablica do Alto dos Pinheiros. Entre 2016 e 2017, ao promover uma serie de conversas e reuni\u00f5es entre os moradores e as autoridades das pol\u00edcias locais, surgiam diversas d\u00favidas sobre a situa\u00e7\u00e3o do vigia, desde questionamentos sobre a legalidade da profiss\u00e3o [&hellip;]<\/p>\n","protected":false},"author":6,"featured_media":0,"parent":0,"menu_order":0,"comment_status":"closed","ping_status":"closed","template":"","meta":{"footnotes":""},"class_list":["post-4931","page","type-page","status-publish","hentry"],"_links":{"self":[{"href":"https:\/\/saapgestao.com.br\/saapold\/wp-json\/wp\/v2\/pages\/4931"}],"collection":[{"href":"https:\/\/saapgestao.com.br\/saapold\/wp-json\/wp\/v2\/pages"}],"about":[{"href":"https:\/\/saapgestao.com.br\/saapold\/wp-json\/wp\/v2\/types\/page"}],"author":[{"embeddable":true,"href":"https:\/\/saapgestao.com.br\/saapold\/wp-json\/wp\/v2\/users\/6"}],"replies":[{"embeddable":true,"href":"https:\/\/saapgestao.com.br\/saapold\/wp-json\/wp\/v2\/comments?post=4931"}],"version-history":[{"count":0,"href":"https:\/\/saapgestao.com.br\/saapold\/wp-json\/wp\/v2\/pages\/4931\/revisions"}],"wp:attachment":[{"href":"https:\/\/saapgestao.com.br\/saapold\/wp-json\/wp\/v2\/media?parent=4931"}],"curies":[{"name":"wp","href":"https:\/\/api.w.org\/{rel}","templated":true}]}}