
{"id":6690,"date":"2022-04-08T00:06:25","date_gmt":"2022-04-08T03:06:25","guid":{"rendered":"https:\/\/saapgestao.com.br\/saapold\/?page_id=6690"},"modified":"2022-11-30T15:53:22","modified_gmt":"2022-11-30T17:53:22","slug":"quero-ser-associado-saap","status":"publish","type":"page","link":"https:\/\/saapgestao.com.br\/saapold\/quero-ser-associado-saap\/","title":{"rendered":"QUERO SER ASSOCIADO SAAP"},"content":{"rendered":"\t\t<div data-elementor-type=\"wp-page\" data-elementor-id=\"6690\" class=\"elementor elementor-6690\">\n\t\t\t\t\t\t<section class=\"elementor-section elementor-top-section elementor-element elementor-element-5877111 elementor-section-boxed elementor-section-height-default elementor-section-height-default\" data-id=\"5877111\" data-element_type=\"section\">\n\t\t\t\t\t\t<div class=\"elementor-container elementor-column-gap-default\">\n\t\t\t\t\t<div class=\"elementor-column elementor-col-100 elementor-top-column elementor-element elementor-element-128876e\" data-id=\"128876e\" data-element_type=\"column\">\n\t\t\t<div class=\"elementor-widget-wrap elementor-element-populated\">\n\t\t\t\t\t\t<div class=\"elementor-element elementor-element-1592800 elementor-widget elementor-widget-heading\" data-id=\"1592800\" data-element_type=\"widget\" data-widget_type=\"heading.default\">\n\t\t\t\t<div class=\"elementor-widget-container\">\n\t\t\t<style>\/*! elementor - v3.20.0 - 10-04-2024 *\/\n.elementor-heading-title{padding:0;margin:0;line-height:1}.elementor-widget-heading .elementor-heading-title[class*=elementor-size-]>a{color:inherit;font-size:inherit;line-height:inherit}.elementor-widget-heading .elementor-heading-title.elementor-size-small{font-size:15px}.elementor-widget-heading .elementor-heading-title.elementor-size-medium{font-size:19px}.elementor-widget-heading .elementor-heading-title.elementor-size-large{font-size:29px}.elementor-widget-heading .elementor-heading-title.elementor-size-xl{font-size:39px}.elementor-widget-heading .elementor-heading-title.elementor-size-xxl{font-size:59px}<\/style><h2 class=\"elementor-heading-title elementor-size-default\">Participe<\/h2>\t\t<\/div>\n\t\t\t\t<\/div>\n\t\t\t\t\t<\/div>\n\t\t<\/div>\n\t\t\t\t\t<\/div>\n\t\t<\/section>\n\t\t\t\t<section class=\"elementor-section elementor-top-section elementor-element elementor-element-463e9f5 elementor-section-boxed elementor-section-height-default elementor-section-height-default\" data-id=\"463e9f5\" data-element_type=\"section\">\n\t\t\t\t\t\t<div class=\"elementor-container elementor-column-gap-default\">\n\t\t\t\t\t<div class=\"elementor-column elementor-col-100 elementor-top-column elementor-element elementor-element-6e6836b\" data-id=\"6e6836b\" data-element_type=\"column\">\n\t\t\t<div class=\"elementor-widget-wrap elementor-element-populated\">\n\t\t\t\t\t\t<div class=\"elementor-element elementor-element-a133df0 elementor-widget elementor-widget-text-editor\" data-id=\"a133df0\" data-element_type=\"widget\" data-widget_type=\"text-editor.default\">\n\t\t\t\t<div class=\"elementor-widget-container\">\n\t\t\t<style>\/*! elementor - v3.20.0 - 10-04-2024 *\/\n.elementor-widget-text-editor.elementor-drop-cap-view-stacked .elementor-drop-cap{background-color:#69727d;color:#fff}.elementor-widget-text-editor.elementor-drop-cap-view-framed .elementor-drop-cap{color:#69727d;border:3px solid;background-color:transparent}.elementor-widget-text-editor:not(.elementor-drop-cap-view-default) .elementor-drop-cap{margin-top:8px}.elementor-widget-text-editor:not(.elementor-drop-cap-view-default) .elementor-drop-cap-letter{width:1em;height:1em}.elementor-widget-text-editor .elementor-drop-cap{float:left;text-align:center;line-height:1;font-size:50px}.elementor-widget-text-editor .elementor-drop-cap-letter{display:inline-block}<\/style>\t\t\t\t<p><strong>A SAAP<\/strong> trabalha pela melhoria da qualidade de vida de todos que residem e frequentam o Alto dos Pinheiros.<\/p><p>Atuamos na preserva\u00e7\u00e3o das nossas \u00e1rvores, pra\u00e7as e caracter\u00edsticas do bairro; quest\u00f5es de zeladoria, mobilidade e seguran\u00e7a; sempre valorizando a boa conviv\u00eancia e cidadania.<\/p><p>Intermediamos o dialogo entre moradores, empresas e poder p\u00fablico, buscando solu\u00e7\u00f5es e melhorias para os problemas do bairro.<\/p><p>Com a sua participa\u00e7\u00e3o temos mais representatividade e somos mais fortes! Junte-se a SAAP e contribua com um bairro melhor.<\/p><p>O retorno \u00e9 mais qualidade de vida para voc\u00ea e sua fam\u00edlia.<\/p>\t\t\t\t\t\t<\/div>\n\t\t\t\t<\/div>\n\t\t\t\t\t<\/div>\n\t\t<\/div>\n\t\t\t\t\t<\/div>\n\t\t<\/section>\n\t\t\t\t<section class=\"elementor-section elementor-top-section elementor-element elementor-element-7f43726 elementor-section-boxed elementor-section-height-default elementor-section-height-default\" data-id=\"7f43726\" data-element_type=\"section\">\n\t\t\t\t\t\t<div class=\"elementor-container elementor-column-gap-default\">\n\t\t\t\t\t<div class=\"elementor-column elementor-col-100 elementor-top-column elementor-element elementor-element-c051b88\" data-id=\"c051b88\" data-element_type=\"column\">\n\t\t\t<div class=\"elementor-widget-wrap elementor-element-populated\">\n\t\t\t\t\t\t<div class=\"elementor-element elementor-element-90dfb11 elementor-widget elementor-widget-text-editor\" data-id=\"90dfb11\" data-element_type=\"widget\" data-widget_type=\"text-editor.default\">\n\t\t\t\t<div class=\"elementor-widget-container\">\n\t\t\t\t\t\t\t<div  id='td1' style='height:1580px;width:100%;overflow-y:auto'><\/div>\n<script>\nvar maximo = 1580;\njQuery('#td1').css({'height':maximo})\njQuery('#td1').load('..\/saapcadastro\/associe.php',{token:121454646848545645665});\n<\/script>\t\t\t\t\t\t<\/div>\n\t\t\t\t<\/div>\n\t\t\t\t\t<\/div>\n\t\t<\/div>\n\t\t\t\t\t<\/div>\n\t\t<\/section>\n\t\t\t\t<\/div>\n\t\t","protected":false},"excerpt":{"rendered":"<p>Participe A SAAP trabalha pela melhoria da qualidade de vida de todos que residem e frequentam o Alto dos Pinheiros. Atuamos na preserva\u00e7\u00e3o das nossas \u00e1rvores, pra\u00e7as e caracter\u00edsticas do bairro; quest\u00f5es de zeladoria, mobilidade e seguran\u00e7a; sempre valorizando a boa conviv\u00eancia e cidadania. Intermediamos o dialogo entre moradores, empresas e poder p\u00fablico, buscando solu\u00e7\u00f5es [&hellip;]<\/p>\n","protected":false},"author":6,"featured_media":0,"parent":0,"menu_order":0,"comment_status":"closed","ping_status":"closed","template":"elementor_header_footer","meta":{"footnotes":""},"class_list":["post-6690","page","type-page","status-publish","hentry"],"_links":{"self":[{"href":"https:\/\/saapgestao.com.br\/saapold\/wp-json\/wp\/v2\/pages\/6690"}],"collection":[{"href":"https:\/\/saapgestao.com.br\/saapold\/wp-json\/wp\/v2\/pages"}],"about":[{"href":"https:\/\/saapgestao.com.br\/saapold\/wp-json\/wp\/v2\/types\/page"}],"author":[{"embeddable":true,"href":"https:\/\/saapgestao.com.br\/saapold\/wp-json\/wp\/v2\/users\/6"}],"replies":[{"embeddable":true,"href":"https:\/\/saapgestao.com.br\/saapold\/wp-json\/wp\/v2\/comments?post=6690"}],"version-history":[{"count":0,"href":"https:\/\/saapgestao.com.br\/saapold\/wp-json\/wp\/v2\/pages\/6690\/revisions"}],"wp:attachment":[{"href":"https:\/\/saapgestao.com.br\/saapold\/wp-json\/wp\/v2\/media?parent=6690"}],"curies":[{"name":"wp","href":"https:\/\/api.w.org\/{rel}","templated":true}]}}