
{"id":7873,"date":"2023-09-24T15:25:20","date_gmt":"2023-09-24T18:25:20","guid":{"rendered":"https:\/\/saapgestao.com.br\/saapold\/?page_id=7873"},"modified":"2023-09-24T15:43:18","modified_gmt":"2023-09-24T18:43:18","slug":"abaixo-assinado-enel","status":"publish","type":"page","link":"https:\/\/saapgestao.com.br\/saapold\/abaixo-assinado-enel\/","title":{"rendered":"ABAIXO-ASSINADO ENEL"},"content":{"rendered":"\t\t<div data-elementor-type=\"wp-page\" data-elementor-id=\"7873\" class=\"elementor elementor-7873\">\n\t\t\t\t\t\t<section class=\"elementor-section elementor-top-section elementor-element elementor-element-1e3f058 elementor-section-boxed elementor-section-height-default elementor-section-height-default\" data-id=\"1e3f058\" data-element_type=\"section\">\n\t\t\t\t\t\t<div class=\"elementor-container elementor-column-gap-default\">\n\t\t\t\t\t<div class=\"elementor-column elementor-col-100 elementor-top-column elementor-element elementor-element-b081f08\" data-id=\"b081f08\" data-element_type=\"column\">\n\t\t\t<div class=\"elementor-widget-wrap elementor-element-populated\">\n\t\t\t\t\t\t<div class=\"elementor-element elementor-element-bc8b5c2 elementor-widget elementor-widget-heading\" data-id=\"bc8b5c2\" data-element_type=\"widget\" data-widget_type=\"heading.default\">\n\t\t\t\t<div class=\"elementor-widget-container\">\n\t\t\t<style>\/*! elementor - v3.20.0 - 10-04-2024 *\/\n.elementor-heading-title{padding:0;margin:0;line-height:1}.elementor-widget-heading .elementor-heading-title[class*=elementor-size-]>a{color:inherit;font-size:inherit;line-height:inherit}.elementor-widget-heading .elementor-heading-title.elementor-size-small{font-size:15px}.elementor-widget-heading .elementor-heading-title.elementor-size-medium{font-size:19px}.elementor-widget-heading .elementor-heading-title.elementor-size-large{font-size:29px}.elementor-widget-heading .elementor-heading-title.elementor-size-xl{font-size:39px}.elementor-widget-heading .elementor-heading-title.elementor-size-xxl{font-size:59px}<\/style><h2 class=\"elementor-heading-title elementor-size-default\">ABAIXO-ASSINADO ENEL<\/h2>\t\t<\/div>\n\t\t\t\t<\/div>\n\t\t\t\t\t<\/div>\n\t\t<\/div>\n\t\t\t\t\t<\/div>\n\t\t<\/section>\n\t\t\t\t<section class=\"elementor-section elementor-top-section elementor-element elementor-element-badb476 elementor-section-boxed elementor-section-height-default elementor-section-height-default\" data-id=\"badb476\" data-element_type=\"section\">\n\t\t\t\t\t\t<div class=\"elementor-container elementor-column-gap-default\">\n\t\t\t\t\t<div class=\"elementor-column elementor-col-100 elementor-top-column elementor-element elementor-element-675f70c\" data-id=\"675f70c\" data-element_type=\"column\">\n\t\t\t<div class=\"elementor-widget-wrap elementor-element-populated\">\n\t\t\t\t\t\t<div class=\"elementor-element elementor-element-5f25fa0 elementor-widget elementor-widget-text-editor\" data-id=\"5f25fa0\" data-element_type=\"widget\" data-widget_type=\"text-editor.default\">\n\t\t\t\t<div class=\"elementor-widget-container\">\n\t\t\t<style>\/*! elementor - v3.20.0 - 10-04-2024 *\/\n.elementor-widget-text-editor.elementor-drop-cap-view-stacked .elementor-drop-cap{background-color:#69727d;color:#fff}.elementor-widget-text-editor.elementor-drop-cap-view-framed .elementor-drop-cap{color:#69727d;border:3px solid;background-color:transparent}.elementor-widget-text-editor:not(.elementor-drop-cap-view-default) .elementor-drop-cap{margin-top:8px}.elementor-widget-text-editor:not(.elementor-drop-cap-view-default) .elementor-drop-cap-letter{width:1em;height:1em}.elementor-widget-text-editor .elementor-drop-cap{float:left;text-align:center;line-height:1;font-size:50px}.elementor-widget-text-editor .elementor-drop-cap-letter{display:inline-block}<\/style>\t\t\t\t<p>N\u00f3s, moradores do bairro de Alto dos Pinheiros, S\u00e3o Paulo, Capital, abaixo assinamos este documento junto com a Associa\u00e7\u00e3o dos Amigos de Alto dos Pinheiros \u2013 SAAP, solicitando \u00e0 ENEL provid\u00eancia imediata referente a troca dos transformadores da regi\u00e3o das Av. Di\u00f3genes Ribeiro de Lima e Av. Padre Pereira de Andrade e da Rua Pio XI, pois s\u00e3o constantes as explos\u00f5es nestes equipamentos trazendo preju\u00edzos materiais e inc\u00f4modos por longos per\u00edodos sem energia el\u00e9trica. Por serem locais com muitos edif\u00edcios e muitas \u00e1rvores, onde a sobrecarga \u00e9 grande, solicitamos tamb\u00e9m sermos colocados na lista de prioridade para troca dos cabos da rede para os cabos mais resistentes \u00e0 queda de galhos.<\/p>\t\t\t\t\t\t<\/div>\n\t\t\t\t<\/div>\n\t\t\t\t\t<\/div>\n\t\t<\/div>\n\t\t\t\t\t<\/div>\n\t\t<\/section>\n\t\t\t\t<section class=\"elementor-section elementor-top-section elementor-element elementor-element-69db2eb elementor-section-boxed elementor-section-height-default elementor-section-height-default\" data-id=\"69db2eb\" data-element_type=\"section\">\n\t\t\t\t\t\t<div class=\"elementor-container elementor-column-gap-default\">\n\t\t\t\t\t<div class=\"elementor-column elementor-col-100 elementor-top-column elementor-element elementor-element-0723c12\" data-id=\"0723c12\" data-element_type=\"column\">\n\t\t\t<div class=\"elementor-widget-wrap elementor-element-populated\">\n\t\t\t\t\t\t<div class=\"elementor-element elementor-element-94f087c elementor-widget elementor-widget-text-editor\" data-id=\"94f087c\" data-element_type=\"widget\" data-widget_type=\"text-editor.default\">\n\t\t\t\t<div class=\"elementor-widget-container\">\n\t\t\t\t\t\t\t<p>[abaixo_assinado_enel]<\/p>\t\t\t\t\t\t<\/div>\n\t\t\t\t<\/div>\n\t\t\t\t\t<\/div>\n\t\t<\/div>\n\t\t\t\t\t<\/div>\n\t\t<\/section>\n\t\t\t\t<section class=\"elementor-section elementor-top-section elementor-element elementor-element-0a19bac elementor-section-boxed elementor-section-height-default elementor-section-height-default\" data-id=\"0a19bac\" data-element_type=\"section\">\n\t\t\t\t\t\t<div class=\"elementor-container elementor-column-gap-default\">\n\t\t\t\t\t<div class=\"elementor-column elementor-col-100 elementor-top-column elementor-element elementor-element-3113068\" data-id=\"3113068\" data-element_type=\"column\">\n\t\t\t<div class=\"elementor-widget-wrap elementor-element-populated\">\n\t\t\t\t\t\t<div class=\"elementor-element elementor-element-8a2e403 elementor-widget elementor-widget-text-editor\" data-id=\"8a2e403\" data-element_type=\"widget\" data-widget_type=\"text-editor.default\">\n\t\t\t\t<div class=\"elementor-widget-container\">\n\t\t\t\t\t\t\t<p>\u00a0<\/p><p>\u00a0<\/p><p>\u00a0<\/p>\t\t\t\t\t\t<\/div>\n\t\t\t\t<\/div>\n\t\t\t\t\t<\/div>\n\t\t<\/div>\n\t\t\t\t\t<\/div>\n\t\t<\/section>\n\t\t\t\t<\/div>\n\t\t","protected":false},"excerpt":{"rendered":"<p>ABAIXO-ASSINADO ENEL N\u00f3s, moradores do bairro de Alto dos Pinheiros, S\u00e3o Paulo, Capital, abaixo assinamos este documento junto com a Associa\u00e7\u00e3o dos Amigos de Alto dos Pinheiros \u2013 SAAP, solicitando \u00e0 ENEL provid\u00eancia imediata referente a troca dos transformadores da regi\u00e3o das Av. Di\u00f3genes Ribeiro de Lima e Av. Padre Pereira de Andrade e da [&hellip;]<\/p>\n","protected":false},"author":6,"featured_media":0,"parent":0,"menu_order":0,"comment_status":"closed","ping_status":"closed","template":"elementor_header_footer","meta":{"footnotes":""},"class_list":["post-7873","page","type-page","status-publish","hentry"],"_links":{"self":[{"href":"https:\/\/saapgestao.com.br\/saapold\/wp-json\/wp\/v2\/pages\/7873"}],"collection":[{"href":"https:\/\/saapgestao.com.br\/saapold\/wp-json\/wp\/v2\/pages"}],"about":[{"href":"https:\/\/saapgestao.com.br\/saapold\/wp-json\/wp\/v2\/types\/page"}],"author":[{"embeddable":true,"href":"https:\/\/saapgestao.com.br\/saapold\/wp-json\/wp\/v2\/users\/6"}],"replies":[{"embeddable":true,"href":"https:\/\/saapgestao.com.br\/saapold\/wp-json\/wp\/v2\/comments?post=7873"}],"version-history":[{"count":0,"href":"https:\/\/saapgestao.com.br\/saapold\/wp-json\/wp\/v2\/pages\/7873\/revisions"}],"wp:attachment":[{"href":"https:\/\/saapgestao.com.br\/saapold\/wp-json\/wp\/v2\/media?parent=7873"}],"curies":[{"name":"wp","href":"https:\/\/api.w.org\/{rel}","templated":true}]}}