
{"id":8083,"date":"2024-01-12T13:26:43","date_gmt":"2024-01-12T15:26:43","guid":{"rendered":"https:\/\/saapgestao.com.br\/saapold\/?page_id=8083"},"modified":"2024-01-12T13:40:09","modified_gmt":"2024-01-12T15:40:09","slug":"abaixoassinadozer","status":"publish","type":"page","link":"https:\/\/saapgestao.com.br\/saapold\/abaixoassinadozer\/","title":{"rendered":"ABAIXO ASSINADO EM PROL DO VETO DO PREFEITO PARA AS MUDAN\u00c7AS DE ULTIMA HORA PARA AS ZONAS DO ALTO DOS PINHEIROS"},"content":{"rendered":"\t\t<div data-elementor-type=\"wp-page\" data-elementor-id=\"8083\" class=\"elementor elementor-8083\">\n\t\t\t\t\t\t<section class=\"elementor-section elementor-top-section elementor-element elementor-element-8d978f8 elementor-section-boxed elementor-section-height-default elementor-section-height-default\" data-id=\"8d978f8\" data-element_type=\"section\">\n\t\t\t\t\t\t<div class=\"elementor-container elementor-column-gap-default\">\n\t\t\t\t\t<div class=\"elementor-column elementor-col-100 elementor-top-column elementor-element elementor-element-2bef916\" data-id=\"2bef916\" data-element_type=\"column\">\n\t\t\t<div class=\"elementor-widget-wrap elementor-element-populated\">\n\t\t\t\t\t\t<div class=\"elementor-element elementor-element-373adb2 elementor-widget elementor-widget-heading\" data-id=\"373adb2\" data-element_type=\"widget\" data-widget_type=\"heading.default\">\n\t\t\t\t<div class=\"elementor-widget-container\">\n\t\t\t<style>\/*! elementor - v3.20.0 - 10-04-2024 *\/\n.elementor-heading-title{padding:0;margin:0;line-height:1}.elementor-widget-heading .elementor-heading-title[class*=elementor-size-]>a{color:inherit;font-size:inherit;line-height:inherit}.elementor-widget-heading .elementor-heading-title.elementor-size-small{font-size:15px}.elementor-widget-heading .elementor-heading-title.elementor-size-medium{font-size:19px}.elementor-widget-heading .elementor-heading-title.elementor-size-large{font-size:29px}.elementor-widget-heading .elementor-heading-title.elementor-size-xl{font-size:39px}.elementor-widget-heading .elementor-heading-title.elementor-size-xxl{font-size:59px}<\/style><h2 class=\"elementor-heading-title elementor-size-default\">ABAIXO ASSINADO EM PROL DO VETO DO PREFEITO PARA AS MUDAN\u00c7AS DE ULTIMA HORA PARA AS ZONAS DO ALTO DOS PINHEIROS<\/h2>\t\t<\/div>\n\t\t\t\t<\/div>\n\t\t\t\t\t<\/div>\n\t\t<\/div>\n\t\t\t\t\t<\/div>\n\t\t<\/section>\n\t\t\t\t<section class=\"elementor-section elementor-top-section elementor-element elementor-element-a2ff0ff elementor-section-boxed elementor-section-height-default elementor-section-height-default\" data-id=\"a2ff0ff\" data-element_type=\"section\">\n\t\t\t\t\t\t<div class=\"elementor-container elementor-column-gap-default\">\n\t\t\t\t\t<div class=\"elementor-column elementor-col-100 elementor-top-column elementor-element elementor-element-e494c9f\" data-id=\"e494c9f\" data-element_type=\"column\">\n\t\t\t<div class=\"elementor-widget-wrap elementor-element-populated\">\n\t\t\t\t\t\t<div class=\"elementor-element elementor-element-273d5ac elementor-widget elementor-widget-text-editor\" data-id=\"273d5ac\" data-element_type=\"widget\" data-widget_type=\"text-editor.default\">\n\t\t\t\t<div class=\"elementor-widget-container\">\n\t\t\t<style>\/*! elementor - v3.20.0 - 10-04-2024 *\/\n.elementor-widget-text-editor.elementor-drop-cap-view-stacked .elementor-drop-cap{background-color:#69727d;color:#fff}.elementor-widget-text-editor.elementor-drop-cap-view-framed .elementor-drop-cap{color:#69727d;border:3px solid;background-color:transparent}.elementor-widget-text-editor:not(.elementor-drop-cap-view-default) .elementor-drop-cap{margin-top:8px}.elementor-widget-text-editor:not(.elementor-drop-cap-view-default) .elementor-drop-cap-letter{width:1em;height:1em}.elementor-widget-text-editor .elementor-drop-cap{float:left;text-align:center;line-height:1;font-size:50px}.elementor-widget-text-editor .elementor-drop-cap-letter{display:inline-block}<\/style>\t\t\t\t<p style=\"font-weight: 400;\">No novo Mapa do Zoneamento , os terrenos da Av. Ruth Cardoso (Marginal do Rio Pinheiros entre a Av. Arruda Botelho e Av. Frederico Hermann Jr.) n\u00e3o s\u00e3o mais considerados Zona Corredor, mas Zonas de Centralidade ficando permitidos pr\u00e9dios de at\u00e9 60 metros de altura (20 andares), vizinhos \u00e0 ZER1.\u00a0As ZCOR 1,2 e 3 do bairro sofrer\u00e3o graves mudan\u00e7as\u00a0\u00a0com a retirada dessas zonas do texto do artigo 31 que altera o artigo 59 da Lei n\u00ba 16.402.<\/p><p style=\"font-weight: 400;\">Nosso pedido para o Prefeito \u00e9 de\u00a0<strong>VETO<\/strong>\u00a0para a retirada das ZCOR 1,2 e 3 \u00a0do texto \u00a0e mantendo a reda\u00e7\u00e3o anterior e de\u00a0<strong>VETO<\/strong>\u00a0para a mudan\u00e7a de ZCOR para ZC na marginal.<\/p>\t\t\t\t\t\t<\/div>\n\t\t\t\t<\/div>\n\t\t\t\t\t<\/div>\n\t\t<\/div>\n\t\t\t\t\t<\/div>\n\t\t<\/section>\n\t\t\t\t<section class=\"elementor-section elementor-top-section elementor-element elementor-element-9cd4ccb elementor-section-boxed elementor-section-height-default elementor-section-height-default\" data-id=\"9cd4ccb\" data-element_type=\"section\">\n\t\t\t\t\t\t<div class=\"elementor-container elementor-column-gap-default\">\n\t\t\t\t\t<div class=\"elementor-column elementor-col-100 elementor-top-column elementor-element elementor-element-c417503\" data-id=\"c417503\" data-element_type=\"column\">\n\t\t\t<div class=\"elementor-widget-wrap elementor-element-populated\">\n\t\t\t\t\t\t<div class=\"elementor-element elementor-element-898ee96 elementor-widget elementor-widget-image\" data-id=\"898ee96\" data-element_type=\"widget\" data-widget_type=\"image.default\">\n\t\t\t\t<div class=\"elementor-widget-container\">\n\t\t\t<style>\/*! elementor - v3.20.0 - 10-04-2024 *\/\n.elementor-widget-image{text-align:center}.elementor-widget-image a{display:inline-block}.elementor-widget-image a img[src$=\".svg\"]{width:48px}.elementor-widget-image img{vertical-align:middle;display:inline-block}<\/style>\t\t\t\t\t\t\t<figure class=\"wp-caption\">\n\t\t\t\t\t\t\t\t\t\t<img fetchpriority=\"high\" decoding=\"async\" width=\"892\" height=\"695\" src=\"https:\/\/saapgestao.com.br\/saapold\/wp-content\/uploads\/2024\/01\/WhatsApp-Image-2024-01-12-at-12.02.38.jpeg\" class=\"attachment-large size-large wp-image-8092\" alt=\"\" srcset=\"https:\/\/saapgestao.com.br\/saapold\/wp-content\/uploads\/2024\/01\/WhatsApp-Image-2024-01-12-at-12.02.38.jpeg 892w, https:\/\/saapgestao.com.br\/saapold\/wp-content\/uploads\/2024\/01\/WhatsApp-Image-2024-01-12-at-12.02.38-300x234.jpeg 300w, https:\/\/saapgestao.com.br\/saapold\/wp-content\/uploads\/2024\/01\/WhatsApp-Image-2024-01-12-at-12.02.38-768x598.jpeg 768w\" sizes=\"(max-width: 892px) 100vw, 892px\" \/>\t\t\t\t\t\t\t\t\t\t\t<figcaption class=\"widget-image-caption wp-caption-text\">Distribui\u00e7\u00e3o ZER<\/figcaption>\n\t\t\t\t\t\t\t\t\t\t<\/figure>\n\t\t\t\t\t\t\t<\/div>\n\t\t\t\t<\/div>\n\t\t\t\t\t<\/div>\n\t\t<\/div>\n\t\t\t\t\t<\/div>\n\t\t<\/section>\n\t\t\t\t<section class=\"elementor-section elementor-top-section elementor-element elementor-element-e4fbbf4 elementor-section-boxed elementor-section-height-default elementor-section-height-default\" data-id=\"e4fbbf4\" data-element_type=\"section\">\n\t\t\t\t\t\t<div class=\"elementor-container elementor-column-gap-default\">\n\t\t\t\t\t<div class=\"elementor-column elementor-col-100 elementor-top-column elementor-element elementor-element-48ed0f8\" data-id=\"48ed0f8\" data-element_type=\"column\">\n\t\t\t<div class=\"elementor-widget-wrap elementor-element-populated\">\n\t\t\t\t\t\t<div class=\"elementor-element elementor-element-f8ccb8e elementor-widget elementor-widget-text-editor\" data-id=\"f8ccb8e\" data-element_type=\"widget\" data-widget_type=\"text-editor.default\">\n\t\t\t\t<div class=\"elementor-widget-container\">\n\t\t\t\t\t\t\t<p><strong>Preencha este formul\u00e1rio para assinar<\/strong><\/p><p>[abaixo_assinado_zer]<\/p>\t\t\t\t\t\t<\/div>\n\t\t\t\t<\/div>\n\t\t\t\t\t<\/div>\n\t\t<\/div>\n\t\t\t\t\t<\/div>\n\t\t<\/section>\n\t\t\t\t<\/div>\n\t\t","protected":false},"excerpt":{"rendered":"<p>ABAIXO ASSINADO EM PROL DO VETO DO PREFEITO PARA AS MUDAN\u00c7AS DE ULTIMA HORA PARA AS ZONAS DO ALTO DOS PINHEIROS No novo Mapa do Zoneamento , os terrenos da Av. Ruth Cardoso (Marginal do Rio Pinheiros entre a Av. Arruda Botelho e Av. Frederico Hermann Jr.) n\u00e3o s\u00e3o mais considerados Zona Corredor, mas Zonas [&hellip;]<\/p>\n","protected":false},"author":6,"featured_media":0,"parent":0,"menu_order":0,"comment_status":"closed","ping_status":"closed","template":"elementor_header_footer","meta":{"footnotes":""},"class_list":["post-8083","page","type-page","status-publish","hentry"],"_links":{"self":[{"href":"https:\/\/saapgestao.com.br\/saapold\/wp-json\/wp\/v2\/pages\/8083"}],"collection":[{"href":"https:\/\/saapgestao.com.br\/saapold\/wp-json\/wp\/v2\/pages"}],"about":[{"href":"https:\/\/saapgestao.com.br\/saapold\/wp-json\/wp\/v2\/types\/page"}],"author":[{"embeddable":true,"href":"https:\/\/saapgestao.com.br\/saapold\/wp-json\/wp\/v2\/users\/6"}],"replies":[{"embeddable":true,"href":"https:\/\/saapgestao.com.br\/saapold\/wp-json\/wp\/v2\/comments?post=8083"}],"version-history":[{"count":0,"href":"https:\/\/saapgestao.com.br\/saapold\/wp-json\/wp\/v2\/pages\/8083\/revisions"}],"wp:attachment":[{"href":"https:\/\/saapgestao.com.br\/saapold\/wp-json\/wp\/v2\/media?parent=8083"}],"curies":[{"name":"wp","href":"https:\/\/api.w.org\/{rel}","templated":true}]}}