
{"id":8607,"date":"2024-08-15T16:41:40","date_gmt":"2024-08-15T19:41:40","guid":{"rendered":"https:\/\/saapgestao.com.br\/saapold\/?page_id=8607"},"modified":"2024-08-16T13:47:24","modified_gmt":"2024-08-16T16:47:24","slug":"pracaelvira","status":"publish","type":"page","link":"https:\/\/saapgestao.com.br\/saapold\/pracaelvira\/","title":{"rendered":"ABAIXO ASSINADO PRA\u00c7A ELVIRA"},"content":{"rendered":"\t\t<div data-elementor-type=\"wp-page\" data-elementor-id=\"8607\" class=\"elementor elementor-8607\">\n\t\t\t\t\t\t<section class=\"elementor-section elementor-top-section elementor-element elementor-element-c2108b3 elementor-section-boxed elementor-section-height-default elementor-section-height-default\" data-id=\"c2108b3\" data-element_type=\"section\">\n\t\t\t\t\t\t<div class=\"elementor-container elementor-column-gap-default\">\n\t\t\t\t\t<div class=\"elementor-column elementor-col-100 elementor-top-column elementor-element elementor-element-58b85b5\" data-id=\"58b85b5\" data-element_type=\"column\">\n\t\t\t<div class=\"elementor-widget-wrap elementor-element-populated\">\n\t\t\t\t\t\t<div class=\"elementor-element elementor-element-5d88b58 elementor-widget elementor-widget-heading\" data-id=\"5d88b58\" data-element_type=\"widget\" data-widget_type=\"heading.default\">\n\t\t\t\t<div class=\"elementor-widget-container\">\n\t\t\t<style>\/*! elementor - v3.20.0 - 10-04-2024 *\/\n.elementor-heading-title{padding:0;margin:0;line-height:1}.elementor-widget-heading .elementor-heading-title[class*=elementor-size-]>a{color:inherit;font-size:inherit;line-height:inherit}.elementor-widget-heading .elementor-heading-title.elementor-size-small{font-size:15px}.elementor-widget-heading .elementor-heading-title.elementor-size-medium{font-size:19px}.elementor-widget-heading .elementor-heading-title.elementor-size-large{font-size:29px}.elementor-widget-heading .elementor-heading-title.elementor-size-xl{font-size:39px}.elementor-widget-heading .elementor-heading-title.elementor-size-xxl{font-size:59px}<\/style><h2 class=\"elementor-heading-title elementor-size-default\">REVITALIZA\u00c7\u00c3O PRA\u00c7A ELVIRA DE JESUS JARRA<\/h2>\t\t<\/div>\n\t\t\t\t<\/div>\n\t\t\t\t\t<\/div>\n\t\t<\/div>\n\t\t\t\t\t<\/div>\n\t\t<\/section>\n\t\t\t\t<section class=\"elementor-section elementor-top-section elementor-element elementor-element-4555b55 elementor-section-boxed elementor-section-height-default elementor-section-height-default\" data-id=\"4555b55\" data-element_type=\"section\">\n\t\t\t\t\t\t<div class=\"elementor-container elementor-column-gap-default\">\n\t\t\t\t\t<div class=\"elementor-column elementor-col-100 elementor-top-column elementor-element elementor-element-4269876\" data-id=\"4269876\" data-element_type=\"column\">\n\t\t\t<div class=\"elementor-widget-wrap elementor-element-populated\">\n\t\t\t\t\t\t<div class=\"elementor-element elementor-element-dc9f13b elementor-widget elementor-widget-text-editor\" data-id=\"dc9f13b\" data-element_type=\"widget\" data-widget_type=\"text-editor.default\">\n\t\t\t\t<div class=\"elementor-widget-container\">\n\t\t\t<style>\/*! elementor - v3.20.0 - 10-04-2024 *\/\n.elementor-widget-text-editor.elementor-drop-cap-view-stacked .elementor-drop-cap{background-color:#69727d;color:#fff}.elementor-widget-text-editor.elementor-drop-cap-view-framed .elementor-drop-cap{color:#69727d;border:3px solid;background-color:transparent}.elementor-widget-text-editor:not(.elementor-drop-cap-view-default) .elementor-drop-cap{margin-top:8px}.elementor-widget-text-editor:not(.elementor-drop-cap-view-default) .elementor-drop-cap-letter{width:1em;height:1em}.elementor-widget-text-editor .elementor-drop-cap{float:left;text-align:center;line-height:1;font-size:50px}.elementor-widget-text-editor .elementor-drop-cap-letter{display:inline-block}<\/style>\t\t\t\t<p>N\u00f3s, moradores do entorno da pra\u00e7a Elvira de Jesus Jarra (\u201cPra\u00e7a\u201d), localizada na rua Japia\u00e7\u00f3ia, entre as ruas Dr. Alberto Seabra e rua Luiz Augusto de Queir\u00f3s Aranha, no Alto dos Pinheiros, vimos por meio desse abaixo-assinado, solicitar a revitaliza\u00e7\u00e3o\u00a0 da Pra\u00e7a.\u00a0<\/p><p>Atualmente a Pra\u00e7a est\u00e1 carente de equipamentos e zeladoria, sempre suja e mal-cuidada. Referida \u00e1rea verde, al\u00e9m de estar ocupada de forma irregular para venda de bebidas alc\u00f3olicas e refei\u00e7\u00f5es, frequentemente acumula lixo e entulho a c\u00e9u aberto. A Pra\u00e7a tem potencial para se tornar um local de lazer para as crian\u00e7as, idosos e demais cidad\u00e3os, especialmente pelas crian\u00e7as assistidas pelo Abrigo Reviver, localizado ao lado da pra\u00e7a.\u00a0<\/p><p>Acreditamos que seria de suma import\u00e2ncia para melhorar o desenvolvimento dessas crian\u00e7as, atrav\u00e9s de um espa\u00e7o l\u00fadico e valorizar o bairro em que vivemos.<\/p><p>Contamos com sua aten\u00e7\u00e3o e provid\u00eancias.<\/p>\t\t\t\t\t\t<\/div>\n\t\t\t\t<\/div>\n\t\t\t\t\t<\/div>\n\t\t<\/div>\n\t\t\t\t\t<\/div>\n\t\t<\/section>\n\t\t\t\t<section class=\"elementor-section elementor-top-section elementor-element elementor-element-6a5d9d0 elementor-section-boxed elementor-section-height-default elementor-section-height-default\" data-id=\"6a5d9d0\" data-element_type=\"section\">\n\t\t\t\t\t\t<div class=\"elementor-container elementor-column-gap-default\">\n\t\t\t\t\t<div class=\"elementor-column elementor-col-100 elementor-top-column elementor-element elementor-element-8162bfb\" data-id=\"8162bfb\" data-element_type=\"column\">\n\t\t\t<div class=\"elementor-widget-wrap elementor-element-populated\">\n\t\t\t\t\t\t<div class=\"elementor-element elementor-element-ad8eb68 elementor-widget__width-initial elementor-widget elementor-widget-html\" data-id=\"ad8eb68\" data-element_type=\"widget\" data-widget_type=\"html.default\">\n\t\t\t\t<div class=\"elementor-widget-container\">\n\t\t\t<div  id='td1' style='min-height:280px;width:100%;overflow-y:auto'><\/div>\r\n<script>\r\nvar maximo = 900;\r\njQuery('#td1').css({'height':maximo})\r\njQuery('#td1').load('..\/cartaofidelidade\/abaixopracaelvira.php');\r\n<\/script>\t\t<\/div>\n\t\t\t\t<\/div>\n\t\t\t\t\t<\/div>\n\t\t<\/div>\n\t\t\t\t\t<\/div>\n\t\t<\/section>\n\t\t\t\t<\/div>\n\t\t","protected":false},"excerpt":{"rendered":"<p>REVITALIZA\u00c7\u00c3O PRA\u00c7A ELVIRA DE JESUS JARRA N\u00f3s, moradores do entorno da pra\u00e7a Elvira de Jesus Jarra (\u201cPra\u00e7a\u201d), localizada na rua Japia\u00e7\u00f3ia, entre as ruas Dr. Alberto Seabra e rua Luiz Augusto de Queir\u00f3s Aranha, no Alto dos Pinheiros, vimos por meio desse abaixo-assinado, solicitar a revitaliza\u00e7\u00e3o\u00a0 da Pra\u00e7a.\u00a0 Atualmente a Pra\u00e7a est\u00e1 carente de equipamentos [&hellip;]<\/p>\n","protected":false},"author":6,"featured_media":0,"parent":0,"menu_order":0,"comment_status":"closed","ping_status":"closed","template":"elementor_header_footer","meta":{"footnotes":""},"class_list":["post-8607","page","type-page","status-publish","hentry"],"_links":{"self":[{"href":"https:\/\/saapgestao.com.br\/saapold\/wp-json\/wp\/v2\/pages\/8607"}],"collection":[{"href":"https:\/\/saapgestao.com.br\/saapold\/wp-json\/wp\/v2\/pages"}],"about":[{"href":"https:\/\/saapgestao.com.br\/saapold\/wp-json\/wp\/v2\/types\/page"}],"author":[{"embeddable":true,"href":"https:\/\/saapgestao.com.br\/saapold\/wp-json\/wp\/v2\/users\/6"}],"replies":[{"embeddable":true,"href":"https:\/\/saapgestao.com.br\/saapold\/wp-json\/wp\/v2\/comments?post=8607"}],"version-history":[{"count":0,"href":"https:\/\/saapgestao.com.br\/saapold\/wp-json\/wp\/v2\/pages\/8607\/revisions"}],"wp:attachment":[{"href":"https:\/\/saapgestao.com.br\/saapold\/wp-json\/wp\/v2\/media?parent=8607"}],"curies":[{"name":"wp","href":"https:\/\/api.w.org\/{rel}","templated":true}]}}